{"id":576,"date":"2024-08-01T12:52:09","date_gmt":"2024-08-01T12:52:09","guid":{"rendered":"https:\/\/bestboarding24.de\/?page_id=576"},"modified":"2025-02-17T06:48:14","modified_gmt":"2025-02-17T06:48:14","slug":"umgebung","status":"publish","type":"page","link":"https:\/\/bestboarding24.de\/en\/umgebung\/","title":{"rendered":"Surroundings"},"content":{"rendered":"<div data-elementor-type=\"wp-page\" data-elementor-id=\"576\" class=\"elementor elementor-576\" data-elementor-post-type=\"page\">\n\t\t\t\t<div class=\"elementor-element elementor-element-b5a26e6 e-flex e-con-boxed e-con e-parent\" data-id=\"b5a26e6\" data-element_type=\"container\">\n\t\t\t\t\t<div class=\"e-con-inner\">\n\t\t\t\t<div class=\"elementor-element elementor-element-e452a3c elementor-widget elementor-widget-text-editor\" data-id=\"e452a3c\" data-element_type=\"widget\" data-widget_type=\"text-editor.default\">\n\t\t\t\t<div class=\"elementor-widget-container\">\n\t\t\t\t\t\t\t\t\t<div class=\"vc_row wpb_row vc_row-fluid\"><div class=\"wpb_column vc_column_container vc_col-sm-12\"><div class=\"vc_column-inner\"><div class=\"wpb_wrapper\"><p class=\"\">Sulzbach am Main is a market town in the Lower Franconian district of Miltenberg, located around 7 km south of Aschaffenburg on the western edge of the Spessart and directly on the River Main.<\/p><\/div><\/div><\/div><\/div><div id=\"gtx-trans\" style=\"position: absolute;left: 390px;top: 86.5px\"><div class=\"gtx-trans-icon\">\u00a0<\/div><\/div>\t\t\t\t\t\t\t\t<\/div>\n\t\t\t\t<\/div>\n\t\t\t\t\t<\/div>\n\t\t\t\t<\/div>\n\t\t<div class=\"elementor-element elementor-element-e80d7ca e-flex e-con-boxed e-con e-parent\" data-id=\"e80d7ca\" data-element_type=\"container\">\n\t\t\t\t\t<div class=\"e-con-inner\">\n\t\t<div class=\"elementor-element elementor-element-287c8b1 e-con-full e-flex e-con e-child\" data-id=\"287c8b1\" data-element_type=\"container\">\n\t\t\t\t<div class=\"elementor-element elementor-element-ff8a9bb elementor-widget elementor-widget-text-editor\" data-id=\"ff8a9bb\" data-element_type=\"widget\" data-widget_type=\"text-editor.default\">\n\t\t\t\t<div class=\"elementor-widget-container\">\n\t\t\t\t\t\t\t\t\t<p>In the immediate vicinity of our boarding house:<\/p><div>\u00a0<\/div><p>- 4 grocery stores (REWE, ALDI, LIDL) approx. 100 m away<\/p><div><div><a><img decoding=\"async\" src=\"https:\/\/bestboarding24.de\/wp-content\/uploads\/2020\/01\/Bildschirmfoto-2020-01-13-um-09.42.52-60x80.png\" alt=\"Einkaufslogo\" width=\"60\" height=\"80\" \/><\/a><\/div><div>\u00a0<\/div><\/div><p>- approx. 57 km by car to Frankfurt Airport<\/p><p>- approx. 50 km by car to Frankfurt\/Main city centre or trade fair centre<\/p><p>- approx. 8 km by car to Aschaffenburg<\/p><p class=\"\">- approx. 0.5 km walk to the banks of the Main<\/p><p class=\"\">\u00a0<\/p><div id=\"gtx-trans\" style=\"position: absolute;left: 354px;top: 114.5px\"><div class=\"gtx-trans-icon\">\u00a0<\/div><\/div>\t\t\t\t\t\t\t\t<\/div>\n\t\t\t\t<\/div>\n\t\t\t\t<\/div>\n\t\t<div class=\"elementor-element elementor-element-09a3659 e-con-full e-flex e-con e-child\" data-id=\"09a3659\" data-element_type=\"container\">\n\t\t\t\t<div class=\"elementor-element elementor-element-3f42add elementor-widget elementor-widget-image\" data-id=\"3f42add\" data-element_type=\"widget\" data-widget_type=\"image.default\">\n\t\t\t\t<div class=\"elementor-widget-container\">\n\t\t\t\t\t\t\t\t\t\t\t\t\t\t\t<img fetchpriority=\"high\" decoding=\"async\" width=\"800\" height=\"600\" src=\"https:\/\/bestboarding24.de\/wp-content\/uploads\/2024\/08\/Umgebung-1024x768.jpg\" class=\"attachment-large size-large wp-image-603\" alt=\"\" srcset=\"https:\/\/bestboarding24.de\/wp-content\/uploads\/2024\/08\/Umgebung-1024x768.jpg 1024w, https:\/\/bestboarding24.de\/wp-content\/uploads\/2024\/08\/Umgebung-300x225.jpg 300w, https:\/\/bestboarding24.de\/wp-content\/uploads\/2024\/08\/Umgebung-768x576.jpg 768w, https:\/\/bestboarding24.de\/wp-content\/uploads\/2024\/08\/Umgebung-1536x1152.jpg 1536w, https:\/\/bestboarding24.de\/wp-content\/uploads\/2024\/08\/Umgebung-2048x1536.jpg 2048w, https:\/\/bestboarding24.de\/wp-content\/uploads\/2024\/08\/Umgebung-16x12.jpg 16w\" sizes=\"(max-width: 800px) 100vw, 800px\" \/>\t\t\t\t\t\t\t\t\t\t\t\t\t\t\t<\/div>\n\t\t\t\t<\/div>\n\t\t\t\t<\/div>\n\t\t\t\t\t<\/div>\n\t\t\t\t<\/div>\n\t\t<div class=\"elementor-element elementor-element-1447e22 e-flex e-con-boxed e-con e-parent\" data-id=\"1447e22\" data-element_type=\"container\">\n\t\t\t\t\t<div class=\"e-con-inner\">\n\t\t\t\t<div class=\"elementor-element elementor-element-251d62d elementor-tabs-view-horizontal elementor-widget elementor-widget-tabs\" data-id=\"251d62d\" data-element_type=\"widget\" data-widget_type=\"tabs.default\">\n\t\t\t\t<div class=\"elementor-widget-container\">\n\t\t\t\t\t\t\t<div class=\"elementor-tabs\">\n\t\t\t<div class=\"elementor-tabs-wrapper\" role=\"tablist\" >\n\t\t\t\t\t\t\t\t\t<div id=\"elementor-tab-title-3891\" class=\"elementor-tab-title elementor-tab-desktop-title\" aria-selected=\"true\" data-tab=\"1\" role=\"tab\" tabindex=\"0\" aria-controls=\"elementor-tab-content-3891\" aria-expanded=\"false\">Cities<\/div>\n\t\t\t\t\t\t\t\t\t<div id=\"elementor-tab-title-3892\" class=\"elementor-tab-title elementor-tab-desktop-title\" aria-selected=\"false\" data-tab=\"2\" role=\"tab\" tabindex=\"-1\" aria-controls=\"elementor-tab-content-3892\" aria-expanded=\"false\">Leisure time<\/div>\n\t\t\t\t\t\t\t\t\t<div id=\"elementor-tab-title-3893\" class=\"elementor-tab-title elementor-tab-desktop-title\" aria-selected=\"false\" data-tab=\"3\" role=\"tab\" tabindex=\"-1\" aria-controls=\"elementor-tab-content-3893\" aria-expanded=\"false\">Swimming<\/div>\n\t\t\t\t\t\t\t\t\t<div id=\"elementor-tab-title-3894\" class=\"elementor-tab-title elementor-tab-desktop-title\" aria-selected=\"false\" data-tab=\"4\" role=\"tab\" tabindex=\"-1\" aria-controls=\"elementor-tab-content-3894\" aria-expanded=\"false\">Surroundings<\/div>\n\t\t\t\t\t\t\t<\/div>\n\t\t\t<div class=\"elementor-tabs-content-wrapper\" role=\"tablist\" aria-orientation=\"vertical\">\n\t\t\t\t\t\t\t\t\t<div class=\"elementor-tab-title elementor-tab-mobile-title\" aria-selected=\"true\" data-tab=\"1\" role=\"tab\" tabindex=\"0\" aria-controls=\"elementor-tab-content-3891\" aria-expanded=\"false\">Cities<\/div>\n\t\t\t\t\t<div id=\"elementor-tab-content-3891\" class=\"elementor-tab-content elementor-clearfix\" data-tab=\"1\" role=\"tabpanel\" aria-labelledby=\"elementor-tab-title-3891\" tabindex=\"0\" hidden=\"false\"><table>\n<tbody>\n<tr>\n<th>Towns in the surrounding area<\/th>\n<th>Description of the<\/th>\n<th>Distance in km<\/th>\n<\/tr>\n<tr>\n<td><span style=\"text-decoration: underline;\">Niedernberg<\/span><\/td>\n<td>Our neighbouring community has a great swimming lake with a natural beach! (also very easy to reach by bike)<\/td>\n<td>5<\/td>\n<\/tr>\n<tr>\n<td><span style=\"text-decoration: underline;\">Aschaffenburg<\/span><\/td>\n<td>The cultural city of Aschaffenburg is a city of castles, parks and museums. Visitors can feel and experience the eventful history of the city within a short distance. A wide range of shopping opportunities, recreation on and along the River Main, the high density of pubs and the hospitality of the locals ensure a sense of well-being for guests from all over the world.<\/td>\n<td>8<\/td>\n<\/tr>\n<tr>\n<td><span style=\"text-decoration: underline;\">Obernburg<\/span><\/td>\n<td>The town of Obernburg lies on the German Limes Road.<\/td>\n<td>10<\/td>\n<\/tr>\n<tr>\n<td><span style=\"text-decoration: underline;\">Mespelbrunn<\/span><\/td>\n<td>The moated castle has been a household name ever since the film \"Das Wirtshaus im Spessart\" starring Liselotte Pulver and Carlos Thompson. The film, shot here in 1957, has since achieved worldwide fame. Today, the castle is one of the most romantic sights in Germany.<\/td>\n<td>17<\/td>\n<\/tr>\n<tr>\n<td><span style=\"text-decoration: underline;\">Miltenberg<\/span><\/td>\n<td>Miltenberg is home to fascinating old half-timbered houses and the oldest inn in Germany, \"Zum Riesen\".<\/td>\n<td>30<\/td>\n<\/tr>\n<tr>\n<td><span style=\"text-decoration: underline;\">Frankfurt am Main<\/span><\/td>\n<td>Frankfurt am Main is an international financial and trade fair city with the most impressive and unique skyline in Europe.<\/td>\n<td>50<\/td>\n<\/tr>\n<tr>\n<td><span style=\"text-decoration: underline;\">Wertheim<\/span><\/td>\n<td>Wertheim is home to one of the largest stone castles in Germany.<\/td>\n<td>47<\/td>\n<\/tr>\n<\/tbody>\n<\/table>\n<style>\n.black-link{<br \/>color: black<br \/>}<br \/><\/style><\/div>\n\t\t\t\t\t\t\t\t\t<div class=\"elementor-tab-title elementor-tab-mobile-title\" aria-selected=\"false\" data-tab=\"2\" role=\"tab\" tabindex=\"-1\" aria-controls=\"elementor-tab-content-3892\" aria-expanded=\"false\">Leisure time<\/div>\n\t\t\t\t\t<div id=\"elementor-tab-content-3892\" class=\"elementor-tab-content elementor-clearfix\" data-tab=\"2\" role=\"tabpanel\" aria-labelledby=\"elementor-tab-title-3892\" tabindex=\"0\" hidden=\"hidden\"><table><tbody><tr><th>Leisure time<\/th><th>Distance in km<\/th><\/tr><tr><td><span style=\"text-decoration: underline;\"><a class=\"black-link\" href=\"https:\/\/www.zoo-frankfurt.de\">Frankfurt Zoo<\/a><\/span><\/td><td>55<\/td><\/tr><tr><td><span style=\"text-decoration: underline;\"><a class=\"black-link\" href=\"https:\/\/www.opel-zoo.de\">Opel Zoo in Kronberg im Taunus<\/a><\/span><\/td><td>75<\/td><\/tr><tr><td><a class=\"black-link\" href=\"https:\/\/taunuswunderland.de\/de\/startseite.html\">Taunus Wunderland in the Taunus<\/a><\/td><td>95<\/td><\/tr><tr><td><span style=\"text-decoration: underline;\"><a class=\"black-link\" href=\"https:\/\/freizeit-land.bayern\">Freizeit-Land Bayern in Geiselwind near W\u00fcrzburg<\/a><\/span><\/td><td>130<\/td><\/tr><tr><td><span style=\"text-decoration: underline;\"><a class=\"black-link\" href=\"https:\/\/www.erlebnispark-steinau.de\">Steinau Adventure Park<\/a><\/span><\/td><td>80<\/td><\/tr><tr><td><span style=\"text-decoration: underline;\"><a class=\"black-link\" href=\"https:\/\/www.lochmuehle.de\">Lochmuehle leisure park in Wehrheim<\/a><\/span><\/td><td>80<\/td><\/tr><tr><td><span style=\"text-decoration: underline;\"><a class=\"black-link\" href=\"https:\/\/tourismus-wertheim.de\">Wertheim Village<\/a><\/span><\/td><td>57<\/td><\/tr><\/tbody><\/table><p><style>\n.black-link {<br \/>\ncolor: black;<br \/>\n}<br \/>\n<\/style><\/p><\/div>\n\t\t\t\t\t\t\t\t\t<div class=\"elementor-tab-title elementor-tab-mobile-title\" aria-selected=\"false\" data-tab=\"3\" role=\"tab\" tabindex=\"-1\" aria-controls=\"elementor-tab-content-3893\" aria-expanded=\"false\">Swimming<\/div>\n\t\t\t\t\t<div id=\"elementor-tab-content-3893\" class=\"elementor-tab-content elementor-clearfix\" data-tab=\"3\" role=\"tabpanel\" aria-labelledby=\"elementor-tab-title-3893\" tabindex=\"0\" hidden=\"hidden\"><table><tbody><tr><th>Swimming pools<\/th><th>Distance in km<\/th><\/tr><tr><td><span style=\"text-decoration: underline;\"><a class=\"black-link\" href=\"https:\/\/www.stwab.de\/hallenbad\" target=\"_blank\" rel=\"noopener\">Indoor swimming pool Aschaffenburg<\/a><\/span><\/td><td>10<\/td><\/tr><tr><td><span style=\"text-decoration: underline;\"><a class=\"black-link\" href=\"https:\/\/freibad-stockstadt.de\" rel=\"noopener\">Stockstadt outdoor pool<\/a><\/span><\/td><td>20<\/td><\/tr><tr><td><span style=\"text-decoration: underline;\"><a class=\"black-link\" href=\"https:\/\/www.markt-schoellkrippen.de\/index.php?id=268\" rel=\"noopener\">Sch\u00f6llkrippen natural pool<\/a><\/span><\/td><td>29<\/td><\/tr><tr><td><span style=\"text-decoration: underline;\"><a class=\"black-link\" href=\"https:\/\/elsavamar.de\" rel=\"noopener\">Indoor swimming pool Elsenfeld<\/a><\/span><\/td><td>9<\/td><\/tr><tr><td><span style=\"text-decoration: underline;\"><a class=\"black-link\" href=\"https:\/\/www.stadt-erlenbach.de\/Vereine-Freizeit\/Bergschwimmbad.aspx\" rel=\"noopener\">Mountain swimming pool Erlenbach a. Main<\/a><\/span><\/td><td>15<\/td><\/tr><\/tbody><\/table><\/div>\n\t\t\t\t\t\t\t\t\t<div class=\"elementor-tab-title elementor-tab-mobile-title\" aria-selected=\"false\" data-tab=\"4\" role=\"tab\" tabindex=\"-1\" aria-controls=\"elementor-tab-content-3894\" aria-expanded=\"false\">Surroundings<\/div>\n\t\t\t\t\t<div id=\"elementor-tab-content-3894\" class=\"elementor-tab-content elementor-clearfix\" data-tab=\"4\" role=\"tabpanel\" aria-labelledby=\"elementor-tab-title-3894\" tabindex=\"0\" hidden=\"hidden\"><table><thead><tr><th>Surroundings<\/th><th>Description of the<\/th><\/tr><\/thead><tbody><tr><td><span style=\"text-decoration: underline;\"><a class=\"black-link\" href=\"https:\/\/spessart-mainland.de\/startseite.html\">Spessart Mainland<\/a><\/span><\/td><td>The Spessart is a low mountain range between the Vogelsberg, Rh\u00f6n and Odenwald in south-west Germany in the federal states of Bavaria and Hesse. The Geiersberg, 585 metres above sea level, is located in the densely wooded High Spessart. The walks last from 1-2 hours to hikes lasting several days, e.g. along the 71 km long Birkenhainer Stra\u00dfe from Hanau to Gem\u00fcnden or the 111 km long Eselsweg from Schl\u00fcchtern via Bad Orb to Miltenberg on the Main.<\/td><\/tr><tr><td><span style=\"text-decoration: underline;\"><a class=\"black-link\" href=\"https:\/\/www.bergstrasse-odenwald.de\/\/\">Odenwald<\/a><\/span><\/td><td>The Odenwald is a low mountain range in Hesse. Experience pure nature here - on foot (hiking in the Odenwald), on two wheels - such as cycling or mountain biking or even playing golf and much more! Discover medieval towns and stroll through winding alleyways, past lovingly restored half-timbered houses, beautiful churches and imposing aristocratic buildings. Visit monasteries, castles and palaces, as the Odenwald and the Bergstrasse are richly blessed with interesting, impressive and beautiful cultural monuments. You will encounter these testimonies to the past at every turn.<\/td><\/tr><tr><td><span style=\"text-decoration: underline;\"><a class=\"black-link\" href=\"https:\/\/churfranken.de\">Churfranken<\/a><\/span><\/td><td>Discover new territory. Between Wertheim and Aschaffenburg - where the River Main is at its most beautiful - 20 charming towns and villages have combined their strengths to create an attractive new tourist region. From sporting attractions to cultural highlights, our home region has a lot to offer! With interactive MTB &amp; hiking map!<\/td><\/tr><tr><td><span style=\"text-decoration: underline;\"><a class=\"black-link\" href=\"https:\/\/mtb-geo-naturpark.de\">GEO Nature Park<\/a><\/span><\/td><td>Mountain bike circuits - network in the Geo-Nature Park<\/td><\/tr><\/tbody><\/table><\/div>\n\t\t\t\t\t\t\t<\/div>\n\t\t<\/div>\n\t\t\t\t\t\t<\/div>\n\t\t\t\t<\/div>\n\t\t\t\t\t<\/div>\n\t\t\t\t<\/div>\n\t\t\t\t<\/div>","protected":false},"excerpt":{"rendered":"<p>Sulzbach am Main ist ein Markt im unterfr\u00e4nkischen Landkreis Miltenberg, liegt rund 7 km s\u00fcdlich von Aschaffenburg am Westrand des Spessarts und direkt am Main. \u00a0 Unmittelbar in der N\u00e4he von unserem Boardinghouse: \u00a0 &#8211; 4 Lebensmittelm\u00e4rkte (REWE, ALDI, LIDL) in ca. 100 m Entfernung \u00a0 &#8211; ca. 57 km mit dem Auto zum Frankfurter [&hellip;]<\/p>","protected":false},"author":2,"featured_media":0,"parent":0,"menu_order":0,"comment_status":"closed","ping_status":"closed","template":"","meta":{"footnotes":""},"class_list":["post-576","page","type-page","status-publish","hentry"],"_links":{"self":[{"href":"https:\/\/bestboarding24.de\/en\/wp-json\/wp\/v2\/pages\/576","targetHints":{"allow":["GET"]}}],"collection":[{"href":"https:\/\/bestboarding24.de\/en\/wp-json\/wp\/v2\/pages"}],"about":[{"href":"https:\/\/bestboarding24.de\/en\/wp-json\/wp\/v2\/types\/page"}],"author":[{"embeddable":true,"href":"https:\/\/bestboarding24.de\/en\/wp-json\/wp\/v2\/users\/2"}],"replies":[{"embeddable":true,"href":"https:\/\/bestboarding24.de\/en\/wp-json\/wp\/v2\/comments?post=576"}],"version-history":[{"count":0,"href":"https:\/\/bestboarding24.de\/en\/wp-json\/wp\/v2\/pages\/576\/revisions"}],"wp:attachment":[{"href":"https:\/\/bestboarding24.de\/en\/wp-json\/wp\/v2\/media?parent=576"}],"curies":[{"name":"wp","href":"https:\/\/api.w.org\/{rel}","templated":true}]}}