{"id":34,"date":"2024-07-30T14:18:35","date_gmt":"2024-07-30T14:18:35","guid":{"rendered":"https:\/\/bestboarding24.de\/?page_id=34"},"modified":"2025-11-03T06:31:10","modified_gmt":"2025-11-03T06:31:10","slug":"preise","status":"publish","type":"page","link":"https:\/\/bestboarding24.de\/en\/preise\/","title":{"rendered":"Prices"},"content":{"rendered":"<div data-elementor-type=\"wp-page\" data-elementor-id=\"34\" class=\"elementor elementor-34\" data-elementor-post-type=\"page\">\n\t\t\t\t<div class=\"elementor-element elementor-element-f699966 e-flex e-con-boxed e-con e-parent\" data-id=\"f699966\" data-element_type=\"container\" data-settings=\"{&quot;background_background&quot;:&quot;classic&quot;}\">\n\t\t\t\t\t<div class=\"e-con-inner\">\n\t\t\t\t<div class=\"elementor-element elementor-element-29ec7e0 elementor-widget elementor-widget-html\" data-id=\"29ec7e0\" data-element_type=\"widget\" data-widget_type=\"html.default\">\n\t\t\t\t<div class=\"elementor-widget-container\">\n\t\t\t\t\t<div class=\"responsive-table-wrapper\">\n<table style=\"width:100%; border-collapse: collapse;\">\n  <thead>\n    <tr>\n      <th style=\"border: 1px solid #ddd; padding: 8px; font-size: 18px;\">Prices in EUR<\/th>\n      <th style=\"border: 1px solid #ddd; padding: 8px; font-size: 18px;\">Studio Standard<\/th>\n      <th style=\"border: 1px solid #ddd; padding: 8px; font-size: 18px;\">Studio<\/th>\n      <th style=\"border: 1px solid #ddd; padding: 8px; font-size: 18px;\">Studio with balcony<\/th>\n      <th style=\"border: 1px solid #ddd; padding: 8px; font-size: 18px;\">Studio with terrace<\/th>\n      <th style=\"border: 1px solid #ddd; padding: 8px; font-size: 18px;\">Deluxe Apartment 3 bedrooms<\/th>\n    <\/tr>\n  <\/thead>\n  <tbody>\n    <tr>\n      <td style=\"border: 1px solid #ddd; padding: 8px; font-size: 18px;\">Overnight stay for 1 person per night <br>(up to 7 nights)<\/td>\n      <td style=\"border: 1px solid #ddd; padding: 8px; font-size: 18px;\">79 \u20ac<\/td>\n      <td style=\"border: 1px solid #ddd; padding: 8px; font-size: 18px;\">89 \u20ac<\/td>\n      <td style=\"border: 1px solid #ddd; padding: 8px; font-size: 18px;\">94 \u20ac<\/td>\n      <td style=\"border: 1px solid #ddd; padding: 8px; font-size: 18px;\">99 \u20ac<\/td>\n      <td style=\"border: 1px solid #ddd; padding: 8px; font-size: 18px;\">129 \u20ac<\/td>\n    <\/tr>\n    <tr style=\"white-space: nowrap !important;\">\n      <td style=\"border: 1px solid #ddd; padding: 8px; font-size: 18px;\">Overnight stay for 1 person per night <br>(up to 30 nights)<\/td>\n      <td style=\"border: 1px solid #ddd; padding: 8px; font-size: 18px;\">on request<\/td>\n      <td style=\"border: 1px solid #ddd; padding: 8px; font-size: 18px;\">on request<\/td>\n      <td style=\"border: 1px solid #ddd; padding: 8px; font-size: 18px;\">on request<\/td>\n      <td style=\"border: 1px solid #ddd; padding: 8px; font-size: 18px;\">on request<\/td>\n      <td style=\"border: 1px solid #ddd; padding: 8px; font-size: 18px;\">on request<\/td>\n    <\/tr>\n    <tr>\n      <td style=\"border: 1px solid #ddd; padding: 8px; font-size: 18px;\">Overnight stay for 1 person per night <br>(over 30 nights)<\/td>\n      <td style=\"border: 1px solid #ddd; padding: 8px; font-size: 18px;\">on request<\/td>\n      <td style=\"border: 1px solid #ddd; padding: 8px; font-size: 18px;\">on request<\/td>\n      <td style=\"border: 1px solid #ddd; padding: 8px; font-size: 18px;\">on request<\/td>\n      <td style=\"border: 1px solid #ddd; padding: 8px; font-size: 18px;\">on request<\/td>\n      <td style=\"border: 1px solid #ddd; padding: 8px; font-size: 18px;\">on request<\/td>\n    <\/tr>\n    <tr>\n      <td style=\"border: 1px solid #ddd; padding: 8px; font-size: 18px;\">Each additional person (from 3 years) <br>per night<\/td>\n      <td style=\"border: 1px solid #ddd; padding: 8px; font-size: 18px;\">15 \u20ac<\/td>\n      <td style=\"border: 1px solid #ddd; padding: 8px; font-size: 18px;\">15 \u20ac<\/td>\n      <td style=\"border: 1px solid #ddd; padding: 8px; font-size: 18px;\">15 \u20ac<\/td>\n      <td style=\"border: 1px solid #ddd; padding: 8px; font-size: 18px;\">15 \u20ac<\/td>\n      <td style=\"border: 1px solid #ddd; padding: 8px; font-size: 18px;\">15 \u20ac<\/td>\n    <\/tr>\n  <\/tbody>\n<\/table>\n<\/div>\n\t\t\t\t<\/div>\n\t\t\t\t<\/div>\n\t\t\t\t\t<\/div>\n\t\t\t\t<\/div>\n\t\t<div class=\"elementor-element elementor-element-ac885b9 e-flex e-con-boxed e-con e-parent\" data-id=\"ac885b9\" data-element_type=\"container\">\n\t\t\t\t\t<div class=\"e-con-inner\">\n\t\t\t\t<div class=\"elementor-element elementor-element-e007c38 elementor-widget elementor-widget-text-editor\" data-id=\"e007c38\" data-element_type=\"widget\" data-widget_type=\"text-editor.default\">\n\t\t\t\t<div class=\"elementor-widget-container\">\n\t\t\t\t\t\t\t\t\t<p class=\"\">All prices include VAT and weekly room cleaning &amp; change of bed linen and towels.<\/p><p class=\"\">Additional room cleaning &amp; change of bed linen and towels is possible for a fee.<\/p><p class=\"\">Check-In ab 14:00 Uhr Check-Out bis 11:00 Uhr. (nach Vereinbarung sind auch andere Zeiten m\u00f6glich)<\/p>\t\t\t\t\t\t\t\t<\/div>\n\t\t\t\t<\/div>\n\t\t\t\t\t<\/div>\n\t\t\t\t<\/div>\n\t\t\t\t<\/div>","protected":false},"excerpt":{"rendered":"<p>Preise in EUR Studio Standard Studio Studio mit Balkon Studio mit Terrasse Deluxe Apartment 3 Schlafzimmern \u00dcbernachtung f\u00fcr 1 Person pro Nacht (bis 7 N\u00e4chte) 79 \u20ac 89 \u20ac 94 \u20ac 99 \u20ac 129 \u20ac \u00dcbernachtung f\u00fcr 1 Person pro Nacht (bis 30 N\u00e4chte) auf Anfrage auf Anfrage auf Anfrage auf Anfrage auf Anfrage \u00dcbernachtung [&hellip;]<\/p>","protected":false},"author":2,"featured_media":0,"parent":0,"menu_order":0,"comment_status":"closed","ping_status":"closed","template":"","meta":{"footnotes":""},"class_list":["post-34","page","type-page","status-publish","hentry"],"_links":{"self":[{"href":"https:\/\/bestboarding24.de\/en\/wp-json\/wp\/v2\/pages\/34","targetHints":{"allow":["GET"]}}],"collection":[{"href":"https:\/\/bestboarding24.de\/en\/wp-json\/wp\/v2\/pages"}],"about":[{"href":"https:\/\/bestboarding24.de\/en\/wp-json\/wp\/v2\/types\/page"}],"author":[{"embeddable":true,"href":"https:\/\/bestboarding24.de\/en\/wp-json\/wp\/v2\/users\/2"}],"replies":[{"embeddable":true,"href":"https:\/\/bestboarding24.de\/en\/wp-json\/wp\/v2\/comments?post=34"}],"version-history":[{"count":0,"href":"https:\/\/bestboarding24.de\/en\/wp-json\/wp\/v2\/pages\/34\/revisions"}],"wp:attachment":[{"href":"https:\/\/bestboarding24.de\/en\/wp-json\/wp\/v2\/media?parent=34"}],"curies":[{"name":"wp","href":"https:\/\/api.w.org\/{rel}","templated":true}]}}