{"id":1924,"date":"2025-04-08T08:45:06","date_gmt":"2025-04-08T08:45:06","guid":{"rendered":"https:\/\/bestboarding24.de\/?page_id=1924"},"modified":"2025-10-25T09:41:25","modified_gmt":"2025-10-25T09:41:25","slug":"ferienwohnungen-umgebung","status":"publish","type":"page","link":"https:\/\/bestboarding24.de\/en\/ferienwohnungen-umgebung\/","title":{"rendered":"Ferienwohnungen Umgebung"},"content":{"rendered":"<div data-elementor-type=\"wp-page\" data-elementor-id=\"1924\" class=\"elementor elementor-1924\" data-elementor-post-type=\"page\">\n\t\t\t\t<div class=\"elementor-element elementor-element-5405bfd e-flex e-con-boxed e-con e-parent\" data-id=\"5405bfd\" data-element_type=\"container\">\n\t\t\t\t\t<div class=\"e-con-inner\">\n\t\t\t\t<div class=\"elementor-element elementor-element-083ae54 elementor-widget elementor-widget-text-editor\" data-id=\"083ae54\" data-element_type=\"widget\" data-widget_type=\"text-editor.default\">\n\t\t\t\t<div class=\"elementor-widget-container\">\n\t\t\t\t\t\t\t\t\t<div class=\"vc_row wpb_row vc_row-fluid\"><div class=\"wpb_column vc_column_container vc_col-sm-12\"><div class=\"vc_column-inner\"><div class=\"wpb_wrapper\"><p>Sch\u00f6llkrippen ist ein Markt im unterfr\u00e4nkischen Landkreis Aschaffenburg und der Sitz der Verwaltungsgemeinschaft Sch\u00f6llkrippen und liegt rund 18 km von Aschaffenburg am westlichen Rand des Spessarts im oberen Kahlgrund. Ende 2004 wurde Sch\u00f6llkrippen zur lebenswertesten Gemeinde am Bayerischen Untermain gew\u00e4hlt.<\/p><p>\u00a0<\/p><\/div><\/div><\/div><\/div>\t\t\t\t\t\t\t\t<\/div>\n\t\t\t\t<\/div>\n\t\t\t\t\t<\/div>\n\t\t\t\t<\/div>\n\t\t<div class=\"elementor-element elementor-element-fe0185e e-flex e-con-boxed e-con e-parent\" data-id=\"fe0185e\" data-element_type=\"container\">\n\t\t\t\t\t<div class=\"e-con-inner\">\n\t\t<div class=\"elementor-element elementor-element-56fd955 e-con-full e-flex e-con e-child\" data-id=\"56fd955\" data-element_type=\"container\">\n\t\t\t\t<div class=\"elementor-element elementor-element-cb82c8c elementor-widget elementor-widget-text-editor\" data-id=\"cb82c8c\" data-element_type=\"widget\" data-widget_type=\"text-editor.default\">\n\t\t\t\t<div class=\"elementor-widget-container\">\n\t\t\t\t\t\t\t\t\t<p>Unmittelbar in der N\u00e4he unserer Ferienwohnungen:<\/p><div>\u00a0<\/div><p>&#8211; 4 Lebensmittelm\u00e4rkte (REWE, ALDI, LIDL, EDEKA) und 1 Drogeriemarkt (ROSSMANN) in ca. 200 m Entfernung<\/p><div><div><a><img decoding=\"async\" src=\"https:\/\/bestboarding24.de\/wp-content\/uploads\/2020\/01\/Bildschirmfoto-2020-01-13-um-09.42.52-60x80.png\" alt=\"Einkaufslogo\" width=\"60\" height=\"80\" \/><\/a><\/div><div>\u00a0<\/div><\/div><p>&#8211; Autobahn A 3 (\u00fcber Anschluss H\u00f6sbach), von\/nach Frankfurt (ca. 50 km entfernt) und W\u00fcrzburg (ca. 80 km entfernt)<\/p><p>&#8211; ca. 18 km mit dem Auto nach Aschaffenburg<\/p><p>&#8211; ca. 0,3 km zu Fu\u00df zum Bahnhof\/Busbahnhof<\/p><p class=\"\">&#8211; ca. 0,2 km zu Fu\u00df zum Naturerlebnisbad Sch\u00f6llkrippen<\/p>\t\t\t\t\t\t\t\t<\/div>\n\t\t\t\t<\/div>\n\t\t\t\t<\/div>\n\t\t<div class=\"elementor-element elementor-element-44880db e-con-full e-flex e-con e-child\" data-id=\"44880db\" data-element_type=\"container\">\n\t\t\t\t<div class=\"elementor-element elementor-element-558ba9b elementor-widget elementor-widget-image\" data-id=\"558ba9b\" data-element_type=\"widget\" data-widget_type=\"image.default\">\n\t\t\t\t<div class=\"elementor-widget-container\">\n\t\t\t\t\t\t\t\t\t\t\t\t\t\t\t<img fetchpriority=\"high\" decoding=\"async\" width=\"800\" height=\"813\" src=\"https:\/\/bestboarding24.de\/wp-content\/uploads\/2025\/06\/Bildschirmfoto-2025-06-14-um-01.40.13-1008x1024.png\" class=\"attachment-large size-large wp-image-2527\" alt=\"\" srcset=\"https:\/\/bestboarding24.de\/wp-content\/uploads\/2025\/06\/Bildschirmfoto-2025-06-14-um-01.40.13-1008x1024.png 1008w, https:\/\/bestboarding24.de\/wp-content\/uploads\/2025\/06\/Bildschirmfoto-2025-06-14-um-01.40.13-295x300.png 295w, https:\/\/bestboarding24.de\/wp-content\/uploads\/2025\/06\/Bildschirmfoto-2025-06-14-um-01.40.13-768x780.png 768w, https:\/\/bestboarding24.de\/wp-content\/uploads\/2025\/06\/Bildschirmfoto-2025-06-14-um-01.40.13-1512x1536.png 1512w, https:\/\/bestboarding24.de\/wp-content\/uploads\/2025\/06\/Bildschirmfoto-2025-06-14-um-01.40.13-12x12.png 12w, https:\/\/bestboarding24.de\/wp-content\/uploads\/2025\/06\/Bildschirmfoto-2025-06-14-um-01.40.13.png 1740w\" sizes=\"(max-width: 800px) 100vw, 800px\" \/>\t\t\t\t\t\t\t\t\t\t\t\t\t\t\t<\/div>\n\t\t\t\t<\/div>\n\t\t\t\t<\/div>\n\t\t\t\t\t<\/div>\n\t\t\t\t<\/div>\n\t\t<div class=\"elementor-element elementor-element-5768cae e-flex e-con-boxed e-con e-parent\" data-id=\"5768cae\" data-element_type=\"container\">\n\t\t\t\t\t<div class=\"e-con-inner\">\n\t\t\t\t<div class=\"elementor-element elementor-element-55ef10e elementor-tabs-view-horizontal elementor-widget elementor-widget-tabs\" data-id=\"55ef10e\" data-element_type=\"widget\" data-widget_type=\"tabs.default\">\n\t\t\t\t<div class=\"elementor-widget-container\">\n\t\t\t\t\t\t\t<div class=\"elementor-tabs\">\n\t\t\t<div class=\"elementor-tabs-wrapper\" role=\"tablist\" >\n\t\t\t\t\t\t\t\t\t<div id=\"elementor-tab-title-9011\" class=\"elementor-tab-title elementor-tab-desktop-title\" aria-selected=\"true\" data-tab=\"1\" role=\"tab\" tabindex=\"0\" aria-controls=\"elementor-tab-content-9011\" aria-expanded=\"false\">Cities<\/div>\n\t\t\t\t\t\t\t\t\t<div id=\"elementor-tab-title-9012\" class=\"elementor-tab-title elementor-tab-desktop-title\" aria-selected=\"false\" data-tab=\"2\" role=\"tab\" tabindex=\"-1\" aria-controls=\"elementor-tab-content-9012\" aria-expanded=\"false\">Leisure time<\/div>\n\t\t\t\t\t\t\t\t\t<div id=\"elementor-tab-title-9013\" class=\"elementor-tab-title elementor-tab-desktop-title\" aria-selected=\"false\" data-tab=\"3\" role=\"tab\" tabindex=\"-1\" aria-controls=\"elementor-tab-content-9013\" aria-expanded=\"false\">Swimming<\/div>\n\t\t\t\t\t\t\t\t\t<div id=\"elementor-tab-title-9014\" class=\"elementor-tab-title elementor-tab-desktop-title\" aria-selected=\"false\" data-tab=\"4\" role=\"tab\" tabindex=\"-1\" aria-controls=\"elementor-tab-content-9014\" aria-expanded=\"false\">Surroundings<\/div>\n\t\t\t\t\t\t\t<\/div>\n\t\t\t<div class=\"elementor-tabs-content-wrapper\" role=\"tablist\" aria-orientation=\"vertical\">\n\t\t\t\t\t\t\t\t\t<div class=\"elementor-tab-title elementor-tab-mobile-title\" aria-selected=\"true\" data-tab=\"1\" role=\"tab\" tabindex=\"0\" aria-controls=\"elementor-tab-content-9011\" aria-expanded=\"false\">Cities<\/div>\n\t\t\t\t\t<div id=\"elementor-tab-content-9011\" class=\"elementor-tab-content elementor-clearfix\" data-tab=\"1\" role=\"tabpanel\" aria-labelledby=\"elementor-tab-title-9011\" tabindex=\"0\" hidden=\"false\"><table>\n<tbody>\n<tr>\n<th>Towns in the surrounding area<\/th>\n<th>Description of the<\/th>\n<th>Distance in km<\/th>\n<\/tr>\n<tr>\n<td><span style=\"text-decoration: underline;\">Alzenau<\/span><\/td>\n<td>Die Stadt im Kahlgrund bietet mit dem Schloss Mespelbrunn und dem Hahnenkammgipfel reizvolle Ausflugsziele. Der historische Stadtkern und der Generationenpark laden zum Verweilen ein.<\/td>\n<td>12<\/td>\n<\/tr>\n<tr>\n<td><span style=\"text-decoration: underline;\">Aschaffenburg<\/span><\/td>\n<td>The cultural city of Aschaffenburg is a city of castles, parks and museums. Visitors can feel and experience the eventful history of the city within a short distance. A wide range of shopping opportunities, recreation on and along the River Main, the high density of pubs and the hospitality of the locals ensure a sense of well-being for guests from all over the world.<\/td>\n<td>18<\/td>\n<\/tr>\n<tr>\n<td><span style=\"text-decoration: underline;\">Lohr am Main<\/span><\/td>\n<td>Bekannt als &#8222;Schneewittchenstadt&#8220; mit seinem malerischen Fachwerkkern und dem Spessartmuseum. Die Stadt liegt direkt am Main-Radweg und ist ein idealer Ausgangspunkt f\u00fcr Wanderungen im Spessart.<\/td>\n<td>22<\/td>\n<\/tr>\n<tr>\n<td><span style=\"text-decoration: underline;\">Gelnhausen<\/span><\/td>\n<td>Die Barbarossastadt mit ihrer beeindruckenden mittelalterlichen Altstadt, der Marienkirche und den \u00dcberresten der Kaiserpfalz l\u00e4dt zu einer Zeitreise ein.<\/td>\n<td>25<\/td>\n<\/tr>\n<tr>\n<td><span style=\"text-decoration: underline;\">Mespelbrunn<\/span><\/td>\n<td>Sp\u00e4testens seit dem Film \u201eDas Wirtshaus im Spessart&#8220; mit den Hauptdarstellern Liselotte Pulver und Carlos Thompson ist das Wasserschloss ein Begriff. Der Film, 1957 hier gedreht, hat zwischenzeitlich Weltgeltung erlangt. Das Schloss ist heute eines der romantischsten Sehensw\u00fcrdigkeiten Deutschlands.<\/td>\n<td>8<\/td>\n<\/tr>\n<tr>\n<td><span style=\"text-decoration: underline;\">Hanau<\/span><\/td>\n<td>Geburtsstadt der Gebr\u00fcder Grimm mit dem Deutschen Goldschmiedehaus und dem Schloss Philippsruhe. Die Stadt bietet eine Mischung aus historischen Bauten und moderner Infrastruktur.<\/td>\n<td>30<\/td>\n<\/tr>\n<tr>\n<td><span style=\"text-decoration: underline;\">Frankfurt am Main<\/span><\/td>\n<td>Frankfurt am Main is an international financial and trade fair city with the most impressive and unique skyline in Europe.<\/td>\n<td>45<\/td>\n<\/tr>\n<tr>\n<td><span style=\"text-decoration: underline;\">Wertheim<\/span><\/td>\n<td>In Wertheim gibt es eine der gr\u00f6\u00dften Steinburgen Deutschlands und ein charmantes Fachwerkst\u00e4dtchen am Zusammenfluss von Main und Tauber.<\/td>\n<td>48<\/td>\n<\/tr>\n\n<\/tbody>\n<\/table>\n<style>\n.black-link{<br \/>color: black<br \/>}<br \/><\/style><\/div>\n\t\t\t\t\t\t\t\t\t<div class=\"elementor-tab-title elementor-tab-mobile-title\" aria-selected=\"false\" data-tab=\"2\" role=\"tab\" tabindex=\"-1\" aria-controls=\"elementor-tab-content-9012\" aria-expanded=\"false\">Leisure time<\/div>\n\t\t\t\t\t<div id=\"elementor-tab-content-9012\" class=\"elementor-tab-content elementor-clearfix\" data-tab=\"2\" role=\"tabpanel\" aria-labelledby=\"elementor-tab-title-9012\" tabindex=\"0\" hidden=\"hidden\"><table>\n<tbody>\n<tr>\n<th>Leisure time<\/th>\n<th>Distance in km<\/th>\n<\/tr>\n<tr>\n<td><span style=\"text-decoration: underline;\"><a class=\"black-link\" href=\"https:\/\/www.hessen-forst.de\/erleben\/wildpark-alte-fasanerie\/\">Wildpark Alte Fasanerie<\/a><\/span><\/td>\n<td>25<\/td>\n<\/tr>\n<tr>\n<td><span style=\"text-decoration: underline;\"><a class=\"black-link\" href=\"https:\/\/www.zoo-frankfurt.de\">Frankfurt Zoo<\/a><\/span><\/td>\n<td>45<\/td>\n<\/tr>\n<tr>\n<td><span style=\"text-decoration: underline;\"><a class=\"black-link\" href=\"https:\/\/www.erlebnispark-steinau.de\/\">Steinau Adventure Park<\/a><\/span><\/td>\n<td>30<\/td>\n<\/tr>\n<tr>\n<td><span style=\"text-decoration: underline;\"><a class=\"black-link\" href=\"https:\/\/lochmuehle.de\/\">Freizeitpark Lochm\u00fchle in W\u00f6lfersheim<\/a><\/span><\/td>\n<td>55<\/td>\n<\/tr>\n<tr>\n<td><span style=\"text-decoration: underline;\"><a class=\"black-link\" href=\"https:\/\/tourismus-wertheim.de\">Wertheim Village<\/a><\/span><\/td>\n<td>48<\/td>\n<\/tr>\n<tr>\n<td><span style=\"text-decoration: underline;\"><a class=\"black-link\" href=\"https:\/\/www.spessart-therme.de\/\">Spessart Therme Bad Soden-Salm\u00fcnster<\/a><\/span><\/td>\n<td>20<\/td>\n<\/tr>\n<tr>\n<td><span style=\"text-decoration: underline;\"><a class=\"black-link\" href=\"https:\/\/kletterwald-spessart.de\/\">Kletterwald Spessart<\/a><\/span><\/td>\n<td>15<\/td>\n<\/tr>\n<tr>\n<td><span style=\"text-decoration: underline;\"><a class=\"black-link\" href=\"https:\/\/www.opel-zoo.de\">Opel Zoo in Kronberg im Taunus<\/a><\/span><\/td>\n<td>65<\/td>\n<\/tr>\n<tr>\n<td><span style=\"text-decoration: underline;\"><a class=\"black-link\" href=\"https:\/\/taunuswunderland.de\/de\/startseite.html\">Taunus Wunderland in the Taunus<\/a><\/span><\/td>\n<td>70<\/td>\n<\/tr>\n<tr>\n<td><span style=\"text-decoration: underline;\"><a class=\"black-link\" href=\"https:\/\/freizeit-land.bayern\">Freizeit-Land Bayern in Geiselwind near W\u00fcrzburg<\/a><\/span><\/td>\n<td>120<\/td>\n<\/tr>\n<\/tbody>\n<\/table>\n<style>\n.black-link {<br \/>color: black;<br \/>}<br \/><\/style><\/div>\n\t\t\t\t\t\t\t\t\t<div class=\"elementor-tab-title elementor-tab-mobile-title\" aria-selected=\"false\" data-tab=\"3\" role=\"tab\" tabindex=\"-1\" aria-controls=\"elementor-tab-content-9013\" aria-expanded=\"false\">Swimming<\/div>\n\t\t\t\t\t<div id=\"elementor-tab-content-9013\" class=\"elementor-tab-content elementor-clearfix\" data-tab=\"3\" role=\"tabpanel\" aria-labelledby=\"elementor-tab-title-9013\" tabindex=\"0\" hidden=\"hidden\"><table>\n<tbody>\n<tr>\n<th>Swimming pools<\/th>\n<th>Distance in km<\/th>\n<\/tr>\n<tr>\n<td><span style=\"text-decoration: underline;\"><a class=\"black-link\" href=\"https:\/\/www.schoellkrippen.de\/freizeittipps\/waldschwimmbad\/\" target=\"_blank\" rel=\"noopener\">Waldschwimmbad Sch\u00f6llkrippen<\/a><\/span><\/td>\n<td>2<\/td>\n<\/tr>\n<tr>\n<td><span style=\"text-decoration: underline;\"><a class=\"black-link\" href=\"https:\/\/www.alzenau.de\/freizeit-kultur-und-tourismus\/freizeiteinrichtungen\/hallenbad\/\" rel=\"noopener\">Hallenbad Alzenau<\/a><\/span><\/td>\n<td>15<\/td>\n<\/tr>\n<tr>\n<td><span style=\"text-decoration: underline;\"><a class=\"black-link\" href=\"https:\/\/www.main-kinzig-kreis.de\/unser-mkk\/natur-und-landschaft\/badeseen\" rel=\"noopener\">Naturbadesee Freigericht-Somborn<\/a><\/span><\/td>\n<td>10<\/td>\n<\/tr>\n<tr>\n<td><span style=\"text-decoration: underline;\"><a class=\"black-link\" href=\"https:\/\/www.spessart-therme.de\/\" rel=\"noopener\">Spessart Therme Bad Soden-Salm\u00fcnster<\/a><\/span><\/td>\n<td>20<\/td>\n<\/tr>\n<tr>\n<td><span style=\"text-decoration: underline;\"><a class=\"black-link\" href=\"https:\/\/www.aschaffenburg.de\/Leben-in-AB\/Freizeit-und-Sport\/Sportanlagen-und-Schwimmbaeder\/Hallenbad\/DE_index_3855.html\" rel=\"noopener\">Indoor swimming pool Aschaffenburg<\/a><\/span><\/td>\n<td>18<\/td>\n<\/tr>\n<tr>\n<td><span style=\"text-decoration: underline;\"><a class=\"black-link\" href=\"https:\/\/www.gelnhausen.de\/freizeit-tourismus\/freizeiteinrichtungen\/freibad\" rel=\"noopener\">Freibad Gelnhausen<\/a><\/span><\/td>\n<td>25<\/td>\n<\/tr>\n<tr>\n<td><span style=\"text-decoration: underline;\"><a class=\"black-link\" href=\"https:\/\/www.bergbad-buechelbach.de\/\" rel=\"noopener\">Bergbad B\u00fcchelbach<\/a><\/span><\/td>\n<td>12<\/td>\n<\/tr>\n<tr>\n<td><span style=\"text-decoration: underline;\"><a class=\"black-link\" href=\"https:\/\/www.grosskrotzenburg.de\/hallenbad-grosskrotzenburg\/\" rel=\"noopener\">Hallenbad Gro\u00dfkrotzenburg<\/a><\/span><\/td>\n<td>22<\/td>\n<\/tr>\n<\/tbody>\n<\/table><\/div>\n\t\t\t\t\t\t\t\t\t<div class=\"elementor-tab-title elementor-tab-mobile-title\" aria-selected=\"false\" data-tab=\"4\" role=\"tab\" tabindex=\"-1\" aria-controls=\"elementor-tab-content-9014\" aria-expanded=\"false\">Surroundings<\/div>\n\t\t\t\t\t<div id=\"elementor-tab-content-9014\" class=\"elementor-tab-content elementor-clearfix\" data-tab=\"4\" role=\"tabpanel\" aria-labelledby=\"elementor-tab-title-9014\" tabindex=\"0\" hidden=\"hidden\"><table>\n<thead>\n<tr>\n<th>Surroundings<\/th>\n<th>Description of the<\/th>\n<\/tr>\n<\/thead>\n<tbody>\n<tr>\n<td><span style=\"text-decoration: underline;\"><a class=\"black-link\" href=\"https:\/\/www.spessart-tourismus.de\/\">Spessart<\/a><\/span><\/td>\n<td>Der Spessart ist ein Mittelgebirge zwischen Vogelsberg und Rh\u00f6n sowie Odenwald im s\u00fcdwestlichen Deutschland in den Bundesl\u00e4ndern Bayern und Hessen. Sch\u00f6llkrippen liegt mitten im Herzen des Spessarts, umgeben von ausgedehnten W\u00e4ldern und sanften H\u00fcgeln. Der Geiersberg mit 585 m \u00fcber dem Meeresspiegel ist ein beliebtes Wanderziel in der N\u00e4he. Zahlreiche markierte Wanderwege wie der Spessartbogen oder der Fr\u00e4nkische Marienweg f\u00fchren direkt an Sch\u00f6llkrippen vorbei und bieten Wanderungen von 1-2 Stunden bis hin zu mehrt\u00e4gigen Touren.<\/td>\n<\/tr>\n<tr>\n<td><span><a class=\"black-link\" href=\"\">Kahlgrund<\/a><\/span><\/td>\n<td>Der Kahlgrund ist das Tal der Kahl und ihrer Nebenfl\u00fcsse im bayerischen Spessart. Sch\u00f6llkrippen liegt im oberen Kahlgrund und ist von malerischen Landschaften gepr\u00e4gt. Die Region bietet eine idyllische Mischung aus W\u00e4ldern, Wiesen und kleinen Ortschaften. Entlang der Kahl f\u00fchren gut ausgebaute Radwege, die sich perfekt f\u00fcr Familienausfl\u00fcge eignen. Der Kahlgrund ist bekannt f\u00fcr seine regionalen Spezialit\u00e4ten und traditionelle fr\u00e4nkische Gastlichkeit.<\/td>\n<\/tr>\n<tr>\n<td><span style=\"text-decoration: underline;\"><a class=\"black-link\" href=\"https:\/\/www.naturpark-spessart.de\/de\">Naturpark Spessart<\/a><\/span><\/td>\n<td>Der Naturpark Spessart umfasst eine Fl\u00e4che von rund 2.440 km\u00b2 und geh\u00f6rt zu den gr\u00f6\u00dften zusammenh\u00e4ngenden Laubwaldgebieten Deutschlands. Direkt vor der Haust\u00fcr in Sch\u00f6llkrippen beginnen zahlreiche Wander- und Mountainbikestrecken, die durch unber\u00fchrte Natur f\u00fchren. Der Naturpark bietet eine Vielzahl an Umweltbildungsangeboten, Naturlehrpfaden und Rangerprogrammen. Besonders empfehlenswert ist der Spessartr\u00e4uber-Erlebnispfad, der nur wenige Kilometer von Sch\u00f6llkrippen entfernt beginnt.<\/td>\n<\/tr>\n<tr>\n<td><span style=\"text-decoration: underline;\"><a class=\"black-link\" href=\"https:\/\/www.mkk.de\/tourismus\">Main-Kinzig-Kreis<\/a><\/span><\/td>\n<td>Der angrenzende hessische Main-Kinzig-Kreis mit seinen vielf\u00e4ltigen Landschaften erstreckt sich vom Kinzigtal bis in den Spessart. Von Sch\u00f6llkrippen aus sind zahlreiche Ausflugsziele im Main-Kinzig-Kreis leicht erreichbar, darunter Gelnhausen mit seiner historischen Altstadt und die Kurstadt Bad Orb. Die Region bietet eine gelungene Mischung aus Natur, Kultur und Erholung.<\/td>\n<\/tr>\n<tr>\n<td><span style=\"text-decoration: underline;\"><a class=\"black-link\" href=\"https:\/\/www.fraenkisches-weinland.de\/\">Maintal<\/a><\/span><\/td>\n<td>Das Maintal zwischen Aschaffenburg und Miltenberg &#8211; auch bekannt als Bayerischer Untermain &#8211; ist etwa 20 km von Sch\u00f6llkrippen entfernt und beeindruckt mit seinen Weinbergen, historischen St\u00e4dtchen und dem m\u00e4andernden Fluss. Weinproben in den traditionellen Weing\u00fctern, Schifffahrten auf dem Main und Radtouren auf dem Main-Radweg sind beliebte Aktivit\u00e4ten. Die mittelalterlichen St\u00e4dte wie Miltenberg mit ihren gut erhaltenen Fachwerkh\u00e4usern laden zu kulturhistorischen Entdeckungen ein.<\/td>\n<\/tr>\n<\/tbody>\n<\/table><\/div>\n\t\t\t\t\t\t\t<\/div>\n\t\t<\/div>\n\t\t\t\t\t\t<\/div>\n\t\t\t\t<\/div>\n\t\t\t\t\t<\/div>\n\t\t\t\t<\/div>\n\t\t\t\t<\/div>","protected":false},"excerpt":{"rendered":"<p>Sch\u00f6llkrippen ist ein Markt im unterfr\u00e4nkischen Landkreis Aschaffenburg und der Sitz der Verwaltungsgemeinschaft Sch\u00f6llkrippen und liegt rund 18 km von Aschaffenburg am westlichen Rand des Spessarts im oberen Kahlgrund. Ende 2004 wurde Sch\u00f6llkrippen zur lebenswertesten Gemeinde am Bayerischen Untermain gew\u00e4hlt. \u00a0 Unmittelbar in der N\u00e4he unserer Ferienwohnungen: \u00a0 &#8211; 4 Lebensmittelm\u00e4rkte (REWE, ALDI, LIDL, EDEKA) [&hellip;]<\/p>","protected":false},"author":3,"featured_media":0,"parent":0,"menu_order":0,"comment_status":"closed","ping_status":"closed","template":"","meta":{"footnotes":""},"class_list":["post-1924","page","type-page","status-publish","hentry"],"_links":{"self":[{"href":"https:\/\/bestboarding24.de\/en\/wp-json\/wp\/v2\/pages\/1924","targetHints":{"allow":["GET"]}}],"collection":[{"href":"https:\/\/bestboarding24.de\/en\/wp-json\/wp\/v2\/pages"}],"about":[{"href":"https:\/\/bestboarding24.de\/en\/wp-json\/wp\/v2\/types\/page"}],"author":[{"embeddable":true,"href":"https:\/\/bestboarding24.de\/en\/wp-json\/wp\/v2\/users\/3"}],"replies":[{"embeddable":true,"href":"https:\/\/bestboarding24.de\/en\/wp-json\/wp\/v2\/comments?post=1924"}],"version-history":[{"count":0,"href":"https:\/\/bestboarding24.de\/en\/wp-json\/wp\/v2\/pages\/1924\/revisions"}],"wp:attachment":[{"href":"https:\/\/bestboarding24.de\/en\/wp-json\/wp\/v2\/media?parent=1924"}],"curies":[{"name":"wp","href":"https:\/\/api.w.org\/{rel}","templated":true}]}}