{"id":1890,"date":"2025-04-08T07:07:44","date_gmt":"2025-04-08T07:07:44","guid":{"rendered":"https:\/\/bestboarding24.de\/?page_id=1890"},"modified":"2025-05-16T01:10:49","modified_gmt":"2025-05-16T01:10:49","slug":"ferienwohnungen-agb","status":"publish","type":"page","link":"https:\/\/bestboarding24.de\/en\/ferienwohnungen-agb\/","title":{"rendered":"Ferienwohnungen AGB"},"content":{"rendered":"<div data-elementor-type=\"wp-page\" data-elementor-id=\"1890\" class=\"elementor elementor-1890\" data-elementor-post-type=\"page\">\n\t\t\t\t<div class=\"elementor-element elementor-element-cae11d1 e-flex e-con-boxed e-con e-parent\" data-id=\"cae11d1\" data-element_type=\"container\">\n\t\t\t\t\t<div class=\"e-con-inner\">\n\t\t\t\t<div class=\"elementor-element elementor-element-3668d66 elementor-widget elementor-widget-heading\" data-id=\"3668d66\" data-element_type=\"widget\" data-widget_type=\"heading.default\">\n\t\t\t\t<div class=\"elementor-widget-container\">\n\t\t\t\t\t<h2 class=\"elementor-heading-title elementor-size-default\">Terms and Conditions<\/h2>\t\t\t\t<\/div>\n\t\t\t\t<\/div>\n\t\t\t\t\t<\/div>\n\t\t\t\t<\/div>\n\t\t<div class=\"elementor-element elementor-element-355a578 e-flex e-con-boxed e-con e-parent\" data-id=\"355a578\" data-element_type=\"container\">\n\t\t\t\t\t<div class=\"e-con-inner\">\n\t\t\t\t<div class=\"elementor-element elementor-element-48bcef7 elementor-widget elementor-widget-text-editor\" data-id=\"48bcef7\" data-element_type=\"widget\" data-widget_type=\"text-editor.default\">\n\t\t\t\t<div class=\"elementor-widget-container\">\n\t\t\t\t\t\t\t\t\t<p><b>AGB f\u00fcr die Ferienwohnungen Holzgasse 10+10a, 63825 Sch\u00f6llkrippen<\/b><\/p><p><b>\u00a7 1 Betreiber :<\/b><\/p><p>Die Ferienwohnungen im Best Boarding 24 sind Eigentum von: AS GbR (Ayse Sayar, Levent Sayar und Tugba Butekin) nachfolgend Betreiber genannt. Die Adresse der Ferienwohnungen lautet: Holzgasse 10+10a, in 63825 Sch\u00f6llkrippen.<\/p><p><b>\u00a7 2 Buchung : <\/b><\/p><p>Die Buchung erfolgt \u00fcber die Webseite &amp; Portale oder per Telefon oder per Email. Die Buchungsbest\u00e4tigung erfolgt schriftlich per Mail. Mit der Buchung werden die AGBs verbindlich anerkannt. Bei der telefonischen Buchung kommt der Vertrag durch Abgabe der Willenserkl\u00e4rung am Telefon und die telefonische oder schriftliche Best\u00e4tigung durch den Betreiber zustande. Die Ferienwohnung darf h\u00f6chstens mit der bei der Buchung angegebenen Personenzahl genutzt werden.<\/p><p><b>\u00a7 3 \u00dcbernachtungskosten (Rubrik siehe Preise) : <\/b><\/p><p>Nach der Buchungsbest\u00e4tigung muss eine Anzahlung in H\u00f6he von 50 % der \u00dcbernachtungskosten sofort geleistet werden. Die Restzahlung ist beim Check-In in bar oder per Zahlungskarte f\u00e4llig. Bei kurzfristigen Buchungen ist der \u00dcbernachtungspreis umgehend zu \u00fcberweisen ggf. dem Betreiber in bar, oder mit Zahlungskarte zu bezahlen. Dies erfolgt in Absprache mit dem Betreiber. Eine Kaution wird bei langfristigen \u00dcbernachtungen \u00fcber 30 Tage erhoben. Der Kunde zahlt in diesem Fall an den Betreiber eine Sicherheit f\u00fcr \u00fcberlassene Einrichtungs- und Ausstattungsgegenst\u00e4nde in H\u00f6he 50 % der vereinbarten \u00dcbernachtungskosten. Die Kaution ist bei Ankunft f\u00e4llig in bar oder Zahlungskarte und ist nicht verzinslich. Sie wird nach Beendigung des \u00dcbernachtungsverh\u00e4ltnisses r\u00fcckerstattet, sofern keine Sch\u00e4den vorliegen.<\/p><p><b>\u00a7 4 Nebenkosten : <\/b>Die Nebenkosten f\u00fcr Wasser, Gas und Strom, die Nutzung des PKW-Stellplatzes sowie die Nutzung des WLAN sind im \u00dcbernachtungspreis enthalten. Des Weiteren ist die Endreinigung enthalten.<\/p><p><b>\u00a7 5 Schl\u00fcssel &amp; \u00dcbergabe \/ Benutzung :<\/b><\/p><p>Der Betreiber \u00fcbergibt den Schl\u00fcssel am Objekt oder nach einer individuellen Absprache. Vor Abreise werden die Schl\u00fcssel zur\u00fcckgegeben. Gehen die Schl\u00fcssel verloren sind die Kosten f\u00fcr eine neue Schlie\u00dfanlage und eine zus\u00e4tzliche Bearbeitungsgeb\u00fchr von \u00a050,00 \u20ac an den Betreiber zu entrichten.<\/p><ul><li>Der Betreiber hat ein jederzeitiges Zutrittsrecht zu den Appartements, insbesondere bei Gefahr im Verzug und f\u00fcr die w\u00f6chentliche Reinigung. Auf die schutzw\u00fcrdigen Belange des Gastes ist bei der Aus\u00fcbung des Zutrittsrechts angemessen R\u00fccksicht zu nehmen. Der Betreiber wird den Gast \u00fcber die Aus\u00fcbung des Zutrittsrechts vorab informieren, es sei denn, dies ist ihm nach den Umst\u00e4nden des Einzelfalls nicht zumutbar oder unm\u00f6glich.<\/li><\/ul><p><b>\u00a7 6 An- und Abreise : <\/b><br \/>Am Anreisetag steht das Appartement ab 14:00 Uhr zur Verf\u00fcgung. Schadensersatzanspr\u00fcche k\u00f6nnen nicht geltend gemacht werden, wenn die Ferienwohnung nicht p\u00fcnktlich um 14:00 Uhr bezogen werden kann. Am Abreisetag muss die Ferienwohnung ab 12:00 Uhr zur Endreinigung zur Verf\u00fcgung stehen. Die Ferienwohnung ist besenrein zu \u00fcbergeben und der M\u00fcll ist in die entsprechenden Beh\u00e4ltnisse, neben den Pkw-Stellpl\u00e4tzen, zu entsorgen (nur bei langefristigen Aufenthalten \u00fcber 7 \u00dcbernachtungen).<\/p><p><b>\u00a7 7 Allgemeine Verpflichtungen \/ Hausordnung : <\/b><br \/>Der Kunde ist gehalten, sich insbesondere bzgl. der Lautst\u00e4rke r\u00fccksichtsvoll zu verhalten, um andere nicht zu beeintr\u00e4chtigen. Die Ferienwohnungen werden mit vollst\u00e4ndigem Inventar vermietet. Etwaige Fehlbest\u00e4nde, M\u00e4ngel oder Besch\u00e4digungen sind dem Betreiber unverz\u00fcglich zu melden. \u00dcber den Zustand der Ferienwohnungen und des Inventars werden eventuelle R\u00fcgen nur innerhalb 24 Stunden ab Ankunft anerkannt. Das Inventar ist schonend und pfleglich zu behandeln. Der Kunde haftet f\u00fcr Sch\u00e4den, die durch schuldhafte Verletzung der ihm obliegenden Sorgfalts- und Anzeigepflicht entstehen, besonders bei unsachgem\u00e4\u00dfer Behandlung technischer Anlagen und anderer Einrichtungsgegenst\u00e4nde. Der Kunde haftet auch f\u00fcr das Verschulden seiner Mitreisenden. Entstandene Sch\u00e4den durch h\u00f6here Gewalt sind hiervon ausgeschlossen. Bei vertragswidrigem Gebrauch der Ferienwohnungen, wie Untervermietung, \u00dcberbelegung, St\u00f6rung des Hausfriedens etc., sowie bei Nichtzahlung des vollen Mietpreises kann der Vertrag fristlos gek\u00fcndigt werden. Der bereits gezahlte \u00dcbernachtungsbetrag verbleibt beim Betreiber.<\/p><p><b>\u00a7 8 Rauchen und offenes Feuer : <\/b><br \/>Das Rauchen in den Ferienwohnungen ist nicht gestattet. Offenes Feuer, Grillen und Feuerwerk ist wegen der erh\u00f6hten Brandgefahr verboten. Bei Zuwiderhandlung gegen die Hausordnung &amp; Rauchen im Appartment behalten wir uns vor, den Mietvertrag ohne Erstattung zu k\u00fcndigen und eine Sonderreinigung in H\u00f6he von 150 \u20ac zu berechnen.<\/p><p><b>\u00a7 9 Internetnutzung : <\/b><br \/>Der Kunde kann den per Username\/Passwort gesch\u00fctzten WLAN-Zugang nutzen, ist aber verpflichtet, keine fremden Schutzrechte (z. B. Urheberrechte, Markenrechte, Patentrechte und Datenbankrechte) zu verletzen, keine Dienste zum Abruf oder zur Verbreitung von sitten- oder rechtswidrigen Informationen zu nutzen und keine Inhalte verleumderischen, beleidigenden oder volksverhetzenden Charakters zu verbreiten oder gegen sonstige Gesetze zu versto\u00dfen. Der Betreiber stellt dem Kunden deshalb den Internetzugang nur authentifiziert zur Verf\u00fcgung und wird gem\u00e4\u00df Telekommunikationsgesetz (TKG) dessen Verbindungsdaten speichern bzw. speichern lassen. Im Falle eines rechtswidrigen Gebrauchs des Internetzgangs wird somit der Kunde haftbar gemacht.<\/p><p><b>\u00a7 10 Pkw-Stellplatznutzung : <\/b><br \/>Zu jeder\u00a0Ferienwohnung geh\u00f6rt ein Stellplatz. Der Kunde verpflichtet sich, nur den ihm geh\u00f6renden Stellplatz zu benutzen und auf diesem Stellplatz au\u00dferdem nur einen Personenwagen oder Motorrad abzustellen. Langsames und vorsichtiges Fahren ist geboten. Alle allgemeinen technischen und beh\u00f6rdlichen Vorschriften, besonders die der Feuerwehr und Bauaufsichtsbeh\u00f6rde, sind zu beachten. Wagenw\u00e4sche, \u00d6lwechsel, Reparaturen, offenes Feuer u. \u00e4. sind auf dem Stellplatz nicht gestattet. Auslaufendes Benzin, \u00d6l oder andere, umweltgef\u00e4hrdende Fl\u00fcssigkeiten sind sofort zu entfernen und d\u00fcrfen nicht in den Boden versickern oder in die Entw\u00e4sserungsanlage flie\u00dfen. Gegebenenfalls ist die Feuerwehr hinzuzuziehen. Au\u00dferdem ist der Betreiber sofort zu benachrichtigen. Der Betreiber haftet nicht f\u00fcr Personen- oder Sachsch\u00e4den, die dem Kunden bei der Benutzung des Stellplatzes entstehen, insbesondere nicht f\u00fcr Besch\u00e4digungen oder das Abhandenkommen des abgestellten Fahrzeugs. Der Kunde haftet f\u00fcr alle Sch\u00e4den, die durch die nicht vertragsgem\u00e4\u00dfe Nutzung des Stellplatzes entstehen.<\/p><p><b>\u00a7 11 Gartennutzung (Ferienwohnung Typ 1) : <\/b><br \/>Eine Gartenfl\u00e4che und ein Sitzplatz stehen zur Verf\u00fcgung. Das Gartenmobiliar wird abh\u00e4ngig von der Witterung zur Verf\u00fcgung gestellt.<\/p><p><b>\u00a7 12 Haustiere : <\/b><br \/>Das Mitbringen von Haustieren ist nicht gestattet.<\/p><p><b>\u00a7 13 Reiser\u00fccktritt : <\/b><\/p><p><b>13.1<\/b><\/p><ul><li style=\"list-style-type: none\"><ul>durch den Kunden \u2013 bei direkter Buchung \u00fcber die Webseite www.bestboarding24.de oder bei Buchung \u00fcber Portale<\/ul><\/li><\/ul><ul><li style=\"list-style-type: none\"><ul>Bis zu 5 Tage vor der Anreise k\u00f6nnen Sie kostenfrei stornieren (angezahlte Summe wird erstattet). Bei einer Stornierung<\/ul><\/li><\/ul><p>in den 5 Tagen vor Anreise zahlen Sie 50 % der \u00dcbernachtungskosten.<\/p><p>Bei Nichtanreise zahlen G\u00e4ste einen Betrag in H\u00f6he des Gesamtpreises.<\/p><p>Der Abschluss einer Reise-R\u00fccktrittskosten-Versicherung wird empfohlen.<\/p><p><b>13.2<\/b>\u00a0durch den Betreiber<\/p><p>Ein R\u00fccktritt durch den Betreiber kann nach Mietbeginn ohne Einhaltung einer Frist erfolgen, wenn der Mieter andere Mieter trotz Abmahnung nachhaltig st\u00f6rt oder sich in solchen Ma\u00dfen vertragswidrig verh\u00e4lt, dass die sofortige Aufhebung des Aufenthalts gerechtfertigt ist.<\/p><p><b>\u00a7 14 Haftung des Betreibers : <\/b><br \/>Der Betreiber haftet im Rahmen der Sorgfaltspflicht eines ordentlichen Kaufmanns f\u00fcr die ordentliche Bereitstellung des Appartements. Eine Haftung f\u00fcr eventuelle Ausf\u00e4lle bzw. St\u00f6rungen in Wasser-, Strom- sowie ggf. Internetversorgung, sowie Ereignisse und Folgen durch h\u00f6here Gewalt sind hiermit ausgeschlossen.<\/p><p><b>\u00a7 15 Schriftform : <\/b><br \/>Andere als in diesem Vertrag aufgef\u00fchrten Vereinbarungen bestehen nicht. Die allgemeinen Gesch\u00e4ftsbedingungen werden mit Online-Buchung oder Anzahlung der \u00dcbernachtungskosten akzeptiert.<\/p><p><b>\u00a7 16 Gerichtsstand : <\/b><br \/>Soweit gesetzlich zul\u00e4ssig, ist der Gerichtsstand f\u00fcr beide Parteien Aschaffenburg.<\/p><p><b>\u00a7 17 Salvatorische Klausel : <\/b><br \/>Sollte eine der zuvor beschriebenen \u00dcbernachtungsbedingungen rechtsung\u00fcltig sein, so wird diese durch die entsprechenden gesetzlichen Regelungen ersetzt. Die anderen \u00dcbernachtungsbedingungen bleiben davon unber\u00fchrt und weiterhin g\u00fcltig.<\/p>\t\t\t\t\t\t\t\t<\/div>\n\t\t\t\t<\/div>\n\t\t\t\t\t<\/div>\n\t\t\t\t<\/div>\n\t\t\t\t<\/div>","protected":false},"excerpt":{"rendered":"<p>AGB AGB f\u00fcr die Ferienwohnungen Holzgasse 10+10a, 63825 Sch\u00f6llkrippen \u00a7 1 Betreiber : Die Ferienwohnungen im Best Boarding 24 sind Eigentum von: AS GbR (Ayse Sayar, Levent Sayar und Tugba Butekin) nachfolgend Betreiber genannt. Die Adresse der Ferienwohnungen lautet: Holzgasse 10+10a, in 63825 Sch\u00f6llkrippen. \u00a7 2 Buchung : Die Buchung erfolgt \u00fcber die Webseite &amp; [&hellip;]<\/p>","protected":false},"author":3,"featured_media":0,"parent":0,"menu_order":0,"comment_status":"closed","ping_status":"closed","template":"","meta":{"footnotes":""},"class_list":["post-1890","page","type-page","status-publish","hentry"],"_links":{"self":[{"href":"https:\/\/bestboarding24.de\/en\/wp-json\/wp\/v2\/pages\/1890","targetHints":{"allow":["GET"]}}],"collection":[{"href":"https:\/\/bestboarding24.de\/en\/wp-json\/wp\/v2\/pages"}],"about":[{"href":"https:\/\/bestboarding24.de\/en\/wp-json\/wp\/v2\/types\/page"}],"author":[{"embeddable":true,"href":"https:\/\/bestboarding24.de\/en\/wp-json\/wp\/v2\/users\/3"}],"replies":[{"embeddable":true,"href":"https:\/\/bestboarding24.de\/en\/wp-json\/wp\/v2\/comments?post=1890"}],"version-history":[{"count":0,"href":"https:\/\/bestboarding24.de\/en\/wp-json\/wp\/v2\/pages\/1890\/revisions"}],"wp:attachment":[{"href":"https:\/\/bestboarding24.de\/en\/wp-json\/wp\/v2\/media?parent=1890"}],"curies":[{"name":"wp","href":"https:\/\/api.w.org\/{rel}","templated":true}]}}