{"id":1823,"date":"2025-04-02T14:36:31","date_gmt":"2025-04-02T14:36:31","guid":{"rendered":"https:\/\/bestboarding24.de\/?page_id=1823"},"modified":"2025-10-30T11:19:39","modified_gmt":"2025-10-30T11:19:39","slug":"ferienwohnungen-preise","status":"publish","type":"page","link":"https:\/\/bestboarding24.de\/en\/ferienwohnungen-preise\/","title":{"rendered":"Ferienwohnungen Preise"},"content":{"rendered":"<div data-elementor-type=\"wp-page\" data-elementor-id=\"1823\" class=\"elementor elementor-1823\" data-elementor-post-type=\"page\">\n\t\t\t\t<div class=\"elementor-element elementor-element-822f356 e-flex e-con-boxed e-con e-parent\" data-id=\"822f356\" data-element_type=\"container\" data-settings=\"{&quot;background_background&quot;:&quot;classic&quot;}\">\n\t\t\t\t\t<div class=\"e-con-inner\">\n\t\t\t\t<div class=\"elementor-element elementor-element-c04a0f9 elementor-widget elementor-widget-html\" data-id=\"c04a0f9\" data-element_type=\"widget\" data-widget_type=\"html.default\">\n\t\t\t\t<div class=\"elementor-widget-container\">\n\t\t\t\t\t<div class=\"responsive-table-wrapper\">\n<table style=\"width:100%; border-collapse: collapse;\">\n  <thead>\n    <tr>\n      <th style=\"border: 1px solid #ddd; padding: 8px; font-size: 18px;\">Prices in EUR<\/th>\n      <th style=\"border: 1px solid #ddd; padding: 8px; font-size: 18px;\">Ferienwohnung <br>Typ 1<br>Typ 2<\/th>\n      <th style=\"border: 1px solid #ddd; padding: 8px; font-size: 18px;\">Ferienwohnung <br>Typ 3<\/th>\n      <th style=\"border: 1px solid #ddd; padding: 8px; font-size: 18px;\">Ferienwohnung <br>Typ 4<br> Typ 5<br> Typ 6<\/th>\n    <\/tr>\n  <\/thead>\n  <tbody>\n    <tr>\n      <td style=\"border: 1px solid #ddd; padding: 8px; font-size: 18px;\">Overnight stay for 1 person per night <br>(up to 7 nights)<\/td>\n      <td style=\"border: 1px solid #ddd; padding: 8px; font-size: 18px;\">89 \u20ac<\/td>\n      <td style=\"border: 1px solid #ddd; padding: 8px; font-size: 18px;\">99 \u20ac<\/td>\n      <td style=\"border: 1px solid #ddd; padding: 8px; font-size: 18px;\">109 \u20ac<\/td>\n    <\/tr>\n    <tr style=\"white-space: nowrap !important;\">\n      <td style=\"border: 1px solid #ddd; padding: 8px; font-size: 18px;\">Overnight stay for 1 person per night <br>(up to 30 nights)<\/td>\n      <td style=\"border: 1px solid #ddd; padding: 8px; font-size: 18px;\">on request<\/td>\n      <td style=\"border: 1px solid #ddd; padding: 8px; font-size: 18px;\">on request<\/td>\n      <td style=\"border: 1px solid #ddd; padding: 8px; font-size: 18px;\">on request<\/td>\n    <\/tr>\n    <tr>\n      <td style=\"border: 1px solid #ddd; padding: 8px; font-size: 18px;\">Overnight stay for 1 person per night <br>(over 30 nights)<\/td>\n      <td style=\"border: 1px solid #ddd; padding: 8px; font-size: 18px;\">on request<\/td>\n      <td style=\"border: 1px solid #ddd; padding: 8px; font-size: 18px;\">on request<\/td>\n      <td style=\"border: 1px solid #ddd; padding: 8px; font-size: 18px;\">on request<\/td>\n    <\/tr>\n    <tr>\n      <td style=\"border: 1px solid #ddd; padding: 8px; font-size: 18px;\">Each additional person (from 3 years) <br>per night<\/td>\n      <td style=\"border: 1px solid #ddd; padding: 8px; font-size: 18px;\">15 \u20ac<\/td>\n      <td style=\"border: 1px solid #ddd; padding: 8px; font-size: 18px;\">15 \u20ac<\/td>\n      <td style=\"border: 1px solid #ddd; padding: 8px; font-size: 18px;\">15 \u20ac<\/td>\n    <\/tr>\n  <\/tbody>\n<\/table>\n<\/div>\n\t\t\t\t<\/div>\n\t\t\t\t<\/div>\n\t\t\t\t\t<\/div>\n\t\t\t\t<\/div>\n\t\t<div class=\"elementor-element elementor-element-10fd211 e-flex e-con-boxed e-con e-parent\" data-id=\"10fd211\" data-element_type=\"container\">\n\t\t\t\t\t<div class=\"e-con-inner\">\n\t\t\t\t<div class=\"elementor-element elementor-element-2409b4d elementor-widget elementor-widget-text-editor\" data-id=\"2409b4d\" data-element_type=\"widget\" data-widget_type=\"text-editor.default\">\n\t\t\t\t<div class=\"elementor-widget-container\">\n\t\t\t\t\t\t\t\t\t<p class=\"\">All prices include VAT and weekly room cleaning &amp; change of bed linen and towels.<\/p><p class=\"\">Additional room cleaning &amp; change of bed linen and towels is possible for a fee.<\/p><p class=\"\">Check-In ab 14:00 Uhr Check-Out bis 11:00 Uhr. (nach Vereinbarung sind auch andere Zeiten m\u00f6glich)<\/p>\t\t\t\t\t\t\t\t<\/div>\n\t\t\t\t<\/div>\n\t\t\t\t\t<\/div>\n\t\t\t\t<\/div>\n\t\t\t\t<\/div>","protected":false},"excerpt":{"rendered":"<p>Preise in EUR Ferienwohnung Typ 1Typ 2 Ferienwohnung Typ 3 Ferienwohnung Typ 4 Typ 5 Typ 6 \u00dcbernachtung f\u00fcr 1 Person pro Nacht (bis 7 N\u00e4chte) 89 \u20ac 99 \u20ac 109 \u20ac \u00dcbernachtung f\u00fcr 1 Person pro Nacht (bis 30 N\u00e4chte) auf Anfrage auf Anfrage auf Anfrage \u00dcbernachtung f\u00fcr 1 Person pro Nacht (\u00fcber 30 [&hellip;]<\/p>","protected":false},"author":3,"featured_media":0,"parent":0,"menu_order":0,"comment_status":"closed","ping_status":"closed","template":"elementor_theme","meta":{"footnotes":""},"class_list":["post-1823","page","type-page","status-publish","hentry"],"_links":{"self":[{"href":"https:\/\/bestboarding24.de\/en\/wp-json\/wp\/v2\/pages\/1823","targetHints":{"allow":["GET"]}}],"collection":[{"href":"https:\/\/bestboarding24.de\/en\/wp-json\/wp\/v2\/pages"}],"about":[{"href":"https:\/\/bestboarding24.de\/en\/wp-json\/wp\/v2\/types\/page"}],"author":[{"embeddable":true,"href":"https:\/\/bestboarding24.de\/en\/wp-json\/wp\/v2\/users\/3"}],"replies":[{"embeddable":true,"href":"https:\/\/bestboarding24.de\/en\/wp-json\/wp\/v2\/comments?post=1823"}],"version-history":[{"count":0,"href":"https:\/\/bestboarding24.de\/en\/wp-json\/wp\/v2\/pages\/1823\/revisions"}],"wp:attachment":[{"href":"https:\/\/bestboarding24.de\/en\/wp-json\/wp\/v2\/media?parent=1823"}],"curies":[{"name":"wp","href":"https:\/\/api.w.org\/{rel}","templated":true}]}}