{"id":1653,"date":"2025-04-02T10:08:22","date_gmt":"2025-04-02T10:08:22","guid":{"rendered":"https:\/\/bestboarding24.de\/?page_id=1653"},"modified":"2025-10-25T10:51:16","modified_gmt":"2025-10-25T10:51:16","slug":"start-seite","status":"publish","type":"page","link":"https:\/\/bestboarding24.de\/en\/","title":{"rendered":"Start Seite"},"content":{"rendered":"<div data-elementor-type=\"wp-page\" data-elementor-id=\"1653\" class=\"elementor elementor-1653\" data-elementor-post-type=\"page\">\n\t\t\t\t<div class=\"elementor-element elementor-element-01d5110 e-con-full e-flex e-con e-parent\" data-id=\"01d5110\" data-element_type=\"container\">\n\t\t<div class=\"elementor-element elementor-element-bd6f722 e-flex e-con-boxed e-con e-child\" data-id=\"bd6f722\" data-element_type=\"container\">\n\t\t\t\t\t<div class=\"e-con-inner\">\n\t\t\t\t<div class=\"elementor-element elementor-element-d782003 elementor-widget elementor-widget-image\" data-id=\"d782003\" data-element_type=\"widget\" data-widget_type=\"image.default\">\n\t\t\t\t<div class=\"elementor-widget-container\">\n\t\t\t\t\t\t\t\t\t\t\t\t\t\t\t<img decoding=\"async\" src=\"https:\/\/bestboarding24.de\/wp-content\/uploads\/elementor\/thumbs\/best_boarding_logo_final_update-qv9ajqxn3tqpdtx1c3px7zmnj1g0o3ovn9lznrmuni.png\" title=\"best_boarding_logo_final_update\" alt=\"best_boarding_logo_final_update\" loading=\"lazy\" \/>\t\t\t\t\t\t\t\t\t\t\t\t\t\t\t<\/div>\n\t\t\t\t<\/div>\n\t\t\t\t<div class=\"elementor-element elementor-element-6fc4d5a elementor-widget elementor-widget-heading\" data-id=\"6fc4d5a\" data-element_type=\"widget\" data-widget_type=\"heading.default\">\n\t\t\t\t<div class=\"elementor-widget-container\">\n\t\t\t\t\t<h1 class=\"elementor-heading-title elementor-size-default\">Herzlich Willkommen bei Best Boarding 24<\/h1>\t\t\t\t<\/div>\n\t\t\t\t<\/div>\n\t\t\t\t\t<\/div>\n\t\t\t\t<\/div>\n\t\t<div class=\"elementor-element elementor-element-f8d5a40 e-flex e-con-boxed e-con e-child\" data-id=\"f8d5a40\" data-element_type=\"container\">\n\t\t\t\t\t<div class=\"e-con-inner\">\n\t\t<div class=\"elementor-element elementor-element-35dcd5b e-grid e-con-full e-con e-child\" data-id=\"35dcd5b\" data-element_type=\"container\">\n\t\t<a class=\"elementor-element elementor-element-0fb1c12 e-con-full e-flex e-con e-child\" data-id=\"0fb1c12\" data-element_type=\"container\" data-settings=\"{&quot;background_background&quot;:&quot;gradient&quot;}\" href=\"https:\/\/bestboarding24.de\/en\/appartements-startseite\/\">\n\t\t<div class=\"elementor-element elementor-element-707dbdb e-con-full e-flex e-con e-child\" data-id=\"707dbdb\" data-element_type=\"container\">\n\t\t\t\t<div class=\"elementor-element elementor-element-61d6ea3 elementor-widget elementor-widget-image\" data-id=\"61d6ea3\" data-element_type=\"widget\" data-widget_type=\"image.default\">\n\t\t\t\t<div class=\"elementor-widget-container\">\n\t\t\t\t\t\t\t\t\t\t\t\t\t\t\t<img fetchpriority=\"high\" decoding=\"async\" width=\"300\" height=\"225\" src=\"https:\/\/bestboarding24.de\/wp-content\/uploads\/2024\/08\/admin-ajax3-300x225.png\" class=\"attachment-medium size-medium wp-image-669\" alt=\"\" srcset=\"https:\/\/bestboarding24.de\/wp-content\/uploads\/2024\/08\/admin-ajax3-300x225.png 300w, https:\/\/bestboarding24.de\/wp-content\/uploads\/2024\/08\/admin-ajax3-16x12.png 16w, https:\/\/bestboarding24.de\/wp-content\/uploads\/2024\/08\/admin-ajax3.png 600w\" sizes=\"(max-width: 300px) 100vw, 300px\" \/>\t\t\t\t\t\t\t\t\t\t\t\t\t\t\t<\/div>\n\t\t\t\t<\/div>\n\t\t\t\t<\/div>\n\t\t\t\t<div class=\"elementor-element elementor-element-1868341 elementor-widget elementor-widget-heading\" data-id=\"1868341\" data-element_type=\"widget\" data-widget_type=\"heading.default\">\n\t\t\t\t<div class=\"elementor-widget-container\">\n\t\t\t\t\t<h2 class=\"elementor-heading-title elementor-size-default\">Unser Boardinghaus in Sulzbach am Main<\/h2>\t\t\t\t<\/div>\n\t\t\t\t<\/div>\n\t\t\t\t<\/a>\n\t\t<a class=\"elementor-element elementor-element-b28f27b e-con-full e-flex e-con e-child\" data-id=\"b28f27b\" data-element_type=\"container\" data-settings=\"{&quot;background_background&quot;:&quot;gradient&quot;}\" href=\"https:\/\/bestboarding24.de\/en\/ferienwohnungen-startseite\/\">\n\t\t<div class=\"elementor-element elementor-element-4284525 e-con-full e-flex e-con e-child\" data-id=\"4284525\" data-element_type=\"container\">\n\t\t\t\t<div class=\"elementor-element elementor-element-04f417e elementor-widget elementor-widget-image\" data-id=\"04f417e\" data-element_type=\"widget\" data-widget_type=\"image.default\">\n\t\t\t\t<div class=\"elementor-widget-container\">\n\t\t\t\t\t\t\t\t\t\t\t\t\t\t\t<img decoding=\"async\" width=\"300\" height=\"225\" src=\"https:\/\/bestboarding24.de\/wp-content\/uploads\/2025\/04\/Medya-1-300x225.jpeg\" class=\"attachment-medium size-medium wp-image-1865\" alt=\"\" srcset=\"https:\/\/bestboarding24.de\/wp-content\/uploads\/2025\/04\/Medya-1-300x225.jpeg 300w, https:\/\/bestboarding24.de\/wp-content\/uploads\/2025\/04\/Medya-1-1024x768.jpeg 1024w, https:\/\/bestboarding24.de\/wp-content\/uploads\/2025\/04\/Medya-1-768x576.jpeg 768w, https:\/\/bestboarding24.de\/wp-content\/uploads\/2025\/04\/Medya-1-1536x1152.jpeg 1536w, https:\/\/bestboarding24.de\/wp-content\/uploads\/2025\/04\/Medya-1-16x12.jpeg 16w, https:\/\/bestboarding24.de\/wp-content\/uploads\/2025\/04\/Medya-1.jpeg 1600w\" sizes=\"(max-width: 300px) 100vw, 300px\" \/>\t\t\t\t\t\t\t\t\t\t\t\t\t\t\t<\/div>\n\t\t\t\t<\/div>\n\t\t\t\t<\/div>\n\t\t\t\t<div class=\"elementor-element elementor-element-a4c2dfc elementor-widget elementor-widget-heading\" data-id=\"a4c2dfc\" data-element_type=\"widget\" data-widget_type=\"heading.default\">\n\t\t\t\t<div class=\"elementor-widget-container\">\n\t\t\t\t\t<h2 class=\"elementor-heading-title elementor-size-default\">Unsere Ferienwohnungen in Sch\u00f6llkrippen<\/h2>\t\t\t\t<\/div>\n\t\t\t\t<\/div>\n\t\t\t\t<\/a>\n\t\t\t\t<\/div>\n\t\t\t\t\t<\/div>\n\t\t\t\t<\/div>\n\t\t<div class=\"elementor-element elementor-element-4dac24d e-flex e-con-boxed e-con e-child\" data-id=\"4dac24d\" data-element_type=\"container\">\n\t\t\t\t\t<div class=\"e-con-inner\">\n\t\t\t\t<div class=\"elementor-element elementor-element-0517f5d elementor-widget elementor-widget-heading\" data-id=\"0517f5d\" data-element_type=\"widget\" data-widget_type=\"heading.default\">\n\t\t\t\t<div class=\"elementor-widget-container\">\n\t\t\t\t\t<h2 class=\"elementor-heading-title elementor-size-default\">EXKLUSIVE APPARTMENTS UND FERIENWOHNUNGEN IM RHEIN-MAIN GEBIET<\/h2>\t\t\t\t<\/div>\n\t\t\t\t<\/div>\n\t\t\t\t<div class=\"elementor-element elementor-element-3f5aa55 elementor-widget elementor-widget-text-editor\" data-id=\"3f5aa55\" data-element_type=\"widget\" data-widget_type=\"text-editor.default\">\n\t\t\t\t<div class=\"elementor-widget-container\">\n\t\t\t\t\t\t\t\t\t<p class=\"\" style=\"text-align: center\" data-start=\"106\" data-end=\"421\">Wir machen Ihren Aufenthalt so angenehm wie m\u00f6glich. Als eine Alternative zum Hotel bieten wir exklusive Appartements und Ferienwohnungen in modernem Wohnambiente f\u00fcr Kurz- und Langzeitg\u00e4ste an. <strong data-start=\"301\" data-end=\"321\">Alle Unterk\u00fcnfte<\/strong> verf\u00fcgen \u00fcber eine voll eingerichtete K\u00fcche, Schlafbereich(e), Bad und teilweise Terrasse\/Balkon.<\/p><p class=\"\" style=\"text-align: center\" data-start=\"423\" data-end=\"565\">Wir verf\u00fcgen \u00fcber zwei Standorte um Aschaffenburg herum, unser Boardinghaus in Sulzbach am Main und unsere Ferienwohnungen in Sch\u00f6llkrippen (Zentrum).<\/p><p class=\"\" style=\"text-align: center\" data-start=\"567\" data-end=\"757\">Buchen Sie bequem und schnell \u00fcber unser <strong data-start=\"608\" data-end=\"633\">Online-Buchungssystem,<\/strong> oder melden Sie sich gerne auch telefonisch. Die Aufenthaltsdauer k\u00f6nnen Sie individuell w\u00e4hlen und jederzeit verl\u00e4ngern.<\/p><p class=\"\" style=\"text-align: center\" data-start=\"759\" data-end=\"832\">Bei Fragen und W\u00fcnschen stehen wir Ihnen jederzeit gerne zur Verf\u00fcgung.<\/p>\t\t\t\t\t\t\t\t<\/div>\n\t\t\t\t<\/div>\n\t\t\t\t<div class=\"elementor-element elementor-element-c0a17d5 elementor-widget elementor-widget-text-editor\" data-id=\"c0a17d5\" data-element_type=\"widget\" data-widget_type=\"text-editor.default\">\n\t\t\t\t<div class=\"elementor-widget-container\">\n\t\t\t\t\t\t\t\t\t<p style=\"text-align: center\">Sie erreichen uns 24 h unter 06028 9985999 oder 0151 55220448<\/p>\t\t\t\t\t\t\t\t<\/div>\n\t\t\t\t<\/div>\n\t\t\t\t\t<\/div>\n\t\t\t\t<\/div>\n\t\t<div class=\"elementor-element elementor-element-29ff075 e-grid elementor-hidden-mobile e-con-boxed e-con e-child\" data-id=\"29ff075\" data-element_type=\"container\">\n\t\t\t\t\t<div class=\"e-con-inner\">\n\t\t\t\t<div class=\"elementor-element elementor-element-75f0bd8 elementor-widget elementor-widget-image\" data-id=\"75f0bd8\" data-element_type=\"widget\" data-widget_type=\"image.default\">\n\t\t\t\t<div class=\"elementor-widget-container\">\n\t\t\t\t\t\t\t\t\t\t\t\t\t\t\t<img decoding=\"async\" src=\"https:\/\/bestboarding24.de\/wp-content\/uploads\/elementor\/thumbs\/best_boarding_award_2022-gigapixel-low-resolution-v2-538w-r56v4u2vk56gez89nc8f7nahlm827y6pd7r2puypoo.png\" title=\"best_boarding_award_2022-gigapixel-low resolution v2-538w\" alt=\"best_boarding_award_2022-gigapixel-low resolution v2-538w\" loading=\"lazy\" \/>\t\t\t\t\t\t\t\t\t\t\t\t\t\t\t<\/div>\n\t\t\t\t<\/div>\n\t\t\t\t<div class=\"elementor-element elementor-element-1aae869 elementor-widget elementor-widget-image\" data-id=\"1aae869\" data-element_type=\"widget\" data-widget_type=\"image.default\">\n\t\t\t\t<div class=\"elementor-widget-container\">\n\t\t\t\t\t\t\t\t\t\t\t\t\t\t\t<img decoding=\"async\" src=\"https:\/\/bestboarding24.de\/wp-content\/uploads\/elementor\/thumbs\/best_boarding_award_2023-gigapixel-low-resolution-v2-538w-r56v3qlnl3oevctm1v63ax94nfmn8ntz7scok8l8y0.png\" title=\"best_boarding_award_2023-gigapixel-low resolution v2-538w\" alt=\"best_boarding_award_2023-gigapixel-low resolution v2-538w\" loading=\"lazy\" \/>\t\t\t\t\t\t\t\t\t\t\t\t\t\t\t<\/div>\n\t\t\t\t<\/div>\n\t\t\t\t<div class=\"elementor-element elementor-element-094764b elementor-widget elementor-widget-image\" data-id=\"094764b\" data-element_type=\"widget\" data-widget_type=\"image.default\">\n\t\t\t\t<div class=\"elementor-widget-container\">\n\t\t\t\t\t\t\t\t\t\t\t\t\t\t\t<img decoding=\"async\" src=\"https:\/\/bestboarding24.de\/wp-content\/uploads\/elementor\/thumbs\/Adsiz-783-x-957-piksel-1-rdq2cdszyj95fwxy1e3s21csa4i0a7u11f2q3ncl1k.png\" title=\"Ads\u0131z (783 x 957 piksel) (1)\" alt=\"Ads\u0131z (783 x 957 piksel) (1)\" loading=\"lazy\" \/>\t\t\t\t\t\t\t\t\t\t\t\t\t\t\t<\/div>\n\t\t\t\t<\/div>\n\t\t\t\t<div class=\"elementor-element elementor-element-1df8b84 elementor-widget elementor-widget-image\" data-id=\"1df8b84\" data-element_type=\"widget\" data-widget_type=\"image.default\">\n\t\t\t\t<div class=\"elementor-widget-container\">\n\t\t\t\t\t\t\t\t\t\t\t\t\t\t\t<img decoding=\"async\" src=\"https:\/\/bestboarding24.de\/wp-content\/uploads\/elementor\/thumbs\/best_boarding_award_2024-gigapixel-low-resolution-v2-538w-r56v0omjdhhv4z9cw1mqp7075cop82pdso0vev4b60.png\" title=\"best_boarding_award_2024-gigapixel-low resolution v2-538w\" alt=\"best_boarding_award_2024-gigapixel-low resolution v2-538w\" loading=\"lazy\" \/>\t\t\t\t\t\t\t\t\t\t\t\t\t\t\t<\/div>\n\t\t\t\t<\/div>\n\t\t\t\t<div class=\"elementor-element elementor-element-7126eb2 elementor-widget elementor-widget-image\" data-id=\"7126eb2\" data-element_type=\"widget\" data-widget_type=\"image.default\">\n\t\t\t\t<div class=\"elementor-widget-container\">\n\t\t\t\t\t\t\t\t\t\t\t\t\t\t\t<img decoding=\"async\" src=\"https:\/\/bestboarding24.de\/wp-content\/uploads\/elementor\/thumbs\/best_boarding_award_2025-r3rc57g0aawgwmd6rz7d3r4s6gii7oot0qoiyfs9zc.png\" title=\"best_boarding_award_2025\" alt=\"best_boarding_award_2025\" loading=\"lazy\" \/>\t\t\t\t\t\t\t\t\t\t\t\t\t\t\t<\/div>\n\t\t\t\t<\/div>\n\t\t\t\t\t<\/div>\n\t\t\t\t<\/div>\n\t\t<div class=\"elementor-element elementor-element-87cc8f8 elementor-hidden-widescreen elementor-hidden-desktop elementor-hidden-laptop elementor-hidden-tablet_extra elementor-hidden-tablet elementor-hidden-mobile_extra e-flex e-con-boxed e-con e-child\" data-id=\"87cc8f8\" data-element_type=\"container\">\n\t\t\t\t\t<div class=\"e-con-inner\">\n\t\t<div class=\"elementor-element elementor-element-073859b e-grid e-con-full e-con e-child\" data-id=\"073859b\" data-element_type=\"container\">\n\t\t\t\t<div class=\"elementor-element elementor-element-6b40b36 elementor-widget elementor-widget-image\" data-id=\"6b40b36\" data-element_type=\"widget\" data-widget_type=\"image.default\">\n\t\t\t\t<div class=\"elementor-widget-container\">\n\t\t\t\t\t\t\t\t\t\t\t\t\t\t\t<img decoding=\"async\" width=\"212\" height=\"300\" src=\"https:\/\/bestboarding24.de\/wp-content\/uploads\/2025\/10\/Award_page-0001-212x300.jpg\" class=\"attachment-medium size-medium wp-image-2539\" alt=\"\" srcset=\"https:\/\/bestboarding24.de\/wp-content\/uploads\/2025\/10\/Award_page-0001-212x300.jpg 212w, https:\/\/bestboarding24.de\/wp-content\/uploads\/2025\/10\/Award_page-0001-723x1024.jpg 723w, https:\/\/bestboarding24.de\/wp-content\/uploads\/2025\/10\/Award_page-0001-768x1088.jpg 768w, https:\/\/bestboarding24.de\/wp-content\/uploads\/2025\/10\/Award_page-0001-8x12.jpg 8w, https:\/\/bestboarding24.de\/wp-content\/uploads\/2025\/10\/Award_page-0001.jpg 875w\" sizes=\"(max-width: 212px) 100vw, 212px\" \/>\t\t\t\t\t\t\t\t\t\t\t\t\t\t\t<\/div>\n\t\t\t\t<\/div>\n\t\t\t\t<\/div>\n\t\t<div class=\"elementor-element elementor-element-2c4df1e e-grid e-con-full e-con e-child\" data-id=\"2c4df1e\" data-element_type=\"container\">\n\t\t\t\t<div class=\"elementor-element elementor-element-6c90480 elementor-widget elementor-widget-image\" data-id=\"6c90480\" data-element_type=\"widget\" data-widget_type=\"image.default\">\n\t\t\t\t<div class=\"elementor-widget-container\">\n\t\t\t\t\t\t\t\t\t\t\t\t\t\t\t<img decoding=\"async\" src=\"https:\/\/bestboarding24.de\/wp-content\/uploads\/elementor\/thumbs\/best_boarding_award_2025-r3rc57g0aawgwmd6rz7d3r4s6gii7oot0qoiyfs9zc.png\" title=\"best_boarding_award_2025\" alt=\"best_boarding_award_2025\" loading=\"lazy\" \/>\t\t\t\t\t\t\t\t\t\t\t\t\t\t\t<\/div>\n\t\t\t\t<\/div>\n\t\t\t\t<div class=\"elementor-element elementor-element-9a6589b elementor-widget elementor-widget-image\" data-id=\"9a6589b\" data-element_type=\"widget\" data-widget_type=\"image.default\">\n\t\t\t\t<div class=\"elementor-widget-container\">\n\t\t\t\t\t\t\t\t\t\t\t\t\t\t\t<img decoding=\"async\" src=\"https:\/\/bestboarding24.de\/wp-content\/uploads\/elementor\/thumbs\/best_boarding_award_2022-gigapixel-low-resolution-v2-538w-r56v4u2vk56gez89nc8f7nahlm827y6pd7r2puypoo.png\" title=\"best_boarding_award_2022-gigapixel-low resolution v2-538w\" alt=\"best_boarding_award_2022-gigapixel-low resolution v2-538w\" loading=\"lazy\" \/>\t\t\t\t\t\t\t\t\t\t\t\t\t\t\t<\/div>\n\t\t\t\t<\/div>\n\t\t\t\t<div class=\"elementor-element elementor-element-2cfeffb elementor-widget elementor-widget-image\" data-id=\"2cfeffb\" data-element_type=\"widget\" data-widget_type=\"image.default\">\n\t\t\t\t<div class=\"elementor-widget-container\">\n\t\t\t\t\t\t\t\t\t\t\t\t\t\t\t<img decoding=\"async\" src=\"https:\/\/bestboarding24.de\/wp-content\/uploads\/elementor\/thumbs\/best_boarding_award_2023-gigapixel-low-resolution-v2-538w-r56v3qlnl3oevctm1v63ax94nfmn8ntz7scok8l8y0.png\" title=\"best_boarding_award_2023-gigapixel-low resolution v2-538w\" alt=\"best_boarding_award_2023-gigapixel-low resolution v2-538w\" loading=\"lazy\" \/>\t\t\t\t\t\t\t\t\t\t\t\t\t\t\t<\/div>\n\t\t\t\t<\/div>\n\t\t\t\t<div class=\"elementor-element elementor-element-ab3b763 elementor-widget elementor-widget-image\" data-id=\"ab3b763\" data-element_type=\"widget\" data-widget_type=\"image.default\">\n\t\t\t\t<div class=\"elementor-widget-container\">\n\t\t\t\t\t\t\t\t\t\t\t\t\t\t\t<img decoding=\"async\" src=\"https:\/\/bestboarding24.de\/wp-content\/uploads\/elementor\/thumbs\/best_boarding_award_2024-gigapixel-low-resolution-v2-538w-r56v0omjdhhv4z9cw1mqp7075cop82pdso0vev4b60.png\" title=\"best_boarding_award_2024-gigapixel-low resolution v2-538w\" alt=\"best_boarding_award_2024-gigapixel-low resolution v2-538w\" loading=\"lazy\" \/>\t\t\t\t\t\t\t\t\t\t\t\t\t\t\t<\/div>\n\t\t\t\t<\/div>\n\t\t\t\t<\/div>\n\t\t\t\t\t<\/div>\n\t\t\t\t<\/div>\n\t\t\t\t<\/div>\n\t\t\t\t<\/div>","protected":false},"excerpt":{"rendered":"<p>Herzlich Willkommen bei Best Boarding 24 Unser Boardinghaus in Sulzbach am Main Unsere Ferienwohnungen in Sch\u00f6llkrippen EXKLUSIVE APPARTMENTS UND FERIENWOHNUNGEN IM RHEIN-MAIN GEBIET Wir machen Ihren Aufenthalt so angenehm wie m\u00f6glich. Als eine Alternative zum Hotel bieten wir exklusive Appartements und Ferienwohnungen in modernem Wohnambiente f\u00fcr Kurz- und Langzeitg\u00e4ste an. Alle Unterk\u00fcnfte verf\u00fcgen \u00fcber eine [&hellip;]<\/p>","protected":false},"author":3,"featured_media":0,"parent":0,"menu_order":0,"comment_status":"closed","ping_status":"closed","template":"elementor_header_footer","meta":{"footnotes":""},"class_list":["post-1653","page","type-page","status-publish","hentry"],"_links":{"self":[{"href":"https:\/\/bestboarding24.de\/en\/wp-json\/wp\/v2\/pages\/1653","targetHints":{"allow":["GET"]}}],"collection":[{"href":"https:\/\/bestboarding24.de\/en\/wp-json\/wp\/v2\/pages"}],"about":[{"href":"https:\/\/bestboarding24.de\/en\/wp-json\/wp\/v2\/types\/page"}],"author":[{"embeddable":true,"href":"https:\/\/bestboarding24.de\/en\/wp-json\/wp\/v2\/users\/3"}],"replies":[{"embeddable":true,"href":"https:\/\/bestboarding24.de\/en\/wp-json\/wp\/v2\/comments?post=1653"}],"version-history":[{"count":0,"href":"https:\/\/bestboarding24.de\/en\/wp-json\/wp\/v2\/pages\/1653\/revisions"}],"wp:attachment":[{"href":"https:\/\/bestboarding24.de\/en\/wp-json\/wp\/v2\/media?parent=1653"}],"curies":[{"name":"wp","href":"https:\/\/api.w.org\/{rel}","templated":true}]}}