{"id":13,"date":"2024-07-30T13:57:05","date_gmt":"2024-07-30T13:57:05","guid":{"rendered":"https:\/\/bestboarding24.de\/?page_id=13"},"modified":"2025-10-25T10:45:08","modified_gmt":"2025-10-25T10:45:08","slug":"appartements-startseite","status":"publish","type":"page","link":"https:\/\/bestboarding24.de\/en\/appartements-startseite\/","title":{"rendered":"Appartements Startseite"},"content":{"rendered":"<div data-elementor-type=\"wp-page\" data-elementor-id=\"13\" class=\"elementor elementor-13\" data-elementor-post-type=\"page\">\n\t\t\t\t<div class=\"elementor-element elementor-element-240f734 e-con-full e-flex e-con e-parent\" data-id=\"240f734\" data-element_type=\"container\">\n\t\t<div class=\"elementor-element elementor-element-e8eb333 e-con-full e-flex e-con e-child\" data-id=\"e8eb333\" data-element_type=\"container\" data-settings=\"{&quot;background_background&quot;:&quot;classic&quot;}\">\n\t\t\t\t<div class=\"elementor-element elementor-element-414db9b elementor-arrows-position-outside elementor-widget elementor-widget-image-carousel\" data-id=\"414db9b\" data-element_type=\"widget\" data-settings=\"{&quot;slides_to_show&quot;:&quot;2&quot;,&quot;slides_to_scroll&quot;:&quot;2&quot;,&quot;navigation&quot;:&quot;arrows&quot;,&quot;autoplay&quot;:&quot;yes&quot;,&quot;pause_on_hover&quot;:&quot;yes&quot;,&quot;pause_on_interaction&quot;:&quot;yes&quot;,&quot;autoplay_speed&quot;:5000,&quot;infinite&quot;:&quot;yes&quot;,&quot;speed&quot;:500}\" data-widget_type=\"image-carousel.default\">\n\t\t\t\t<div class=\"elementor-widget-container\">\n\t\t\t\t\t\t\t<div class=\"elementor-image-carousel-wrapper swiper\" role=\"region\" aria-roledescription=\"carousel\" aria-label=\"Image Carousel\" dir=\"ltr\">\n\t\t\t<div class=\"elementor-image-carousel swiper-wrapper\" aria-live=\"off\">\n\t\t\t\t\t\t\t\t<div class=\"swiper-slide\" role=\"group\" aria-roledescription=\"slide\" aria-label=\"1 from 4\"><figure class=\"swiper-slide-inner\"><img decoding=\"async\" class=\"swiper-slide-image\" src=\"https:\/\/bestboarding24.de\/wp-content\/uploads\/2024\/08\/11.png\" alt=\"11\" \/><\/figure><\/div><div class=\"swiper-slide\" role=\"group\" aria-roledescription=\"slide\" aria-label=\"2 from 4\"><figure class=\"swiper-slide-inner\"><img decoding=\"async\" class=\"swiper-slide-image\" src=\"https:\/\/bestboarding24.de\/wp-content\/uploads\/2024\/08\/2.jpeg\" alt=\"2\" \/><\/figure><\/div><div class=\"swiper-slide\" role=\"group\" aria-roledescription=\"slide\" aria-label=\"3 from 4\"><figure class=\"swiper-slide-inner\"><img decoding=\"async\" class=\"swiper-slide-image\" src=\"https:\/\/bestboarding24.de\/wp-content\/uploads\/2024\/08\/verkleinertDJI_0004_bearbeitet-768x576.jpg\" alt=\"DCIM100MEDIADJI_0004.JPG\" \/><\/figure><\/div><div class=\"swiper-slide\" role=\"group\" aria-roledescription=\"slide\" aria-label=\"4 from 4\"><figure class=\"swiper-slide-inner\"><img decoding=\"async\" class=\"swiper-slide-image\" src=\"https:\/\/bestboarding24.de\/wp-content\/uploads\/2024\/08\/verkleinertDJI_0011-768x576.jpg\" alt=\"DCIM100MEDIADJI_0011.JPG\" \/><\/figure><\/div>\t\t\t<\/div>\n\t\t\t\t\t\t\t\t\t\t\t\t<div class=\"elementor-swiper-button elementor-swiper-button-prev\" role=\"button\" tabindex=\"0\">\n\t\t\t\t\t\t<svg aria-hidden=\"true\" class=\"e-font-icon-svg e-eicon-chevron-left\" viewbox=\"0 0 1000 1000\" xmlns=\"http:\/\/www.w3.org\/2000\/svg\"><path d=\"M646 125C629 125 613 133 604 142L308 442C296 454 292 471 292 487 292 504 296 521 308 533L604 854C617 867 629 875 646 875 663 875 679 871 692 858 704 846 713 829 713 812 713 796 708 779 692 767L438 487 692 225C700 217 708 204 708 187 708 171 704 154 692 142 675 129 663 125 646 125Z\"><\/path><\/svg>\t\t\t\t\t<\/div>\n\t\t\t\t\t<div class=\"elementor-swiper-button elementor-swiper-button-next\" role=\"button\" tabindex=\"0\">\n\t\t\t\t\t\t<svg aria-hidden=\"true\" class=\"e-font-icon-svg e-eicon-chevron-right\" viewbox=\"0 0 1000 1000\" xmlns=\"http:\/\/www.w3.org\/2000\/svg\"><path d=\"M696 533C708 521 713 504 713 487 713 471 708 454 696 446L400 146C388 133 375 125 354 125 338 125 325 129 313 142 300 154 292 171 292 187 292 204 296 221 308 233L563 492 304 771C292 783 288 800 288 817 288 833 296 850 308 863 321 871 338 875 354 875 371 875 388 867 400 854L696 533Z\"><\/path><\/svg>\t\t\t\t\t<\/div>\n\t\t\t\t\n\t\t\t\t\t\t\t\t\t<\/div>\n\t\t\t\t\t\t<\/div>\n\t\t\t\t<\/div>\n\t\t\t\t<\/div>\n\t\t\t\t<\/div>\n\t\t<div class=\"elementor-element elementor-element-d2278c6 e-grid e-con-boxed e-con e-parent\" data-id=\"d2278c6\" data-element_type=\"container\">\n\t\t\t\t\t<div class=\"e-con-inner\">\n\t\t<div class=\"elementor-element elementor-element-df364f0 e-con-full e-flex e-con e-child\" data-id=\"df364f0\" data-element_type=\"container\">\n\t\t\t\t<div class=\"elementor-element elementor-element-6f7dac7 elementor-widget elementor-widget-heading\" data-id=\"6f7dac7\" data-element_type=\"widget\" data-widget_type=\"heading.default\">\n\t\t\t\t<div class=\"elementor-widget-container\">\n\t\t\t\t\t<h2 class=\"elementor-heading-title elementor-size-default\">Herzlich Willkommen im Best Boarding 24 Sulzbach am Main<\/h2>\t\t\t\t<\/div>\n\t\t\t\t<\/div>\n\t\t\t\t<div class=\"elementor-element elementor-element-025bf96 elementor-widget elementor-widget-text-editor\" data-id=\"025bf96\" data-element_type=\"widget\" data-widget_type=\"text-editor.default\">\n\t\t\t\t<div class=\"elementor-widget-container\">\n\t\t\t\t\t\t\t\t\t<p>We make your stay as pleasant as possible. As an alternative to a hotel, we offer exclusive flats with a modern ambience for short and long-term guests.<\/p><p><br \/>Our flats are each equipped with a living\/sleeping area, a kitchen and a bathroom.<\/p>\t\t\t\t\t\t\t\t<\/div>\n\t\t\t\t<\/div>\n\t\t\t\t<div class=\"elementor-element elementor-element-e5cdcf1 elementor-widget elementor-widget-heading\" data-id=\"e5cdcf1\" data-element_type=\"widget\" data-widget_type=\"heading.default\">\n\t\t\t\t<div class=\"elementor-widget-container\">\n\t\t\t\t\t<h3 class=\"elementor-heading-title elementor-size-default\"><a href=\"https:\/\/tbooking.toubiz.de\/GER00020061083732420\/tbooking\/?globalReset=1&#038;lang=de\"><a class=\"buchen-link\" style=\"background-color: #0070ad;color: #fff;padding: 5px 10px;border-radius: 5px\" href=\"https:\/\/tbooking.toubiz.de\/GER00020061083732420\/tbooking\/?globalReset=1&amp;lang=de\" target=\"_blank\" rel=\"noopener\">Book directly online !<\/a><\/a><\/h3>\t\t\t\t<\/div>\n\t\t\t\t<\/div>\n\t\t\t\t<\/div>\n\t\t\t\t<div class=\"elementor-element elementor-element-378b704 elementor-widget elementor-widget-global elementor-global-2517 elementor-widget-image\" data-id=\"378b704\" data-element_type=\"widget\" data-widget_type=\"image.default\">\n\t\t\t\t<div class=\"elementor-widget-container\">\n\t\t\t\t\t\t\t\t\t\t\t\t\t\t\t<img fetchpriority=\"high\" decoding=\"async\" width=\"1270\" height=\"800\" src=\"https:\/\/bestboarding24.de\/wp-content\/uploads\/2025\/10\/Adsiz-tasarim-2-1.png\" class=\"attachment-full size-full wp-image-2642\" alt=\"\" srcset=\"https:\/\/bestboarding24.de\/wp-content\/uploads\/2025\/10\/Adsiz-tasarim-2-1.png 1270w, https:\/\/bestboarding24.de\/wp-content\/uploads\/2025\/10\/Adsiz-tasarim-2-1-300x189.png 300w, https:\/\/bestboarding24.de\/wp-content\/uploads\/2025\/10\/Adsiz-tasarim-2-1-1024x645.png 1024w, https:\/\/bestboarding24.de\/wp-content\/uploads\/2025\/10\/Adsiz-tasarim-2-1-768x484.png 768w, https:\/\/bestboarding24.de\/wp-content\/uploads\/2025\/10\/Adsiz-tasarim-2-1-18x12.png 18w\" sizes=\"(max-width: 1270px) 100vw, 1270px\" \/>\t\t\t\t\t\t\t\t\t\t\t\t\t\t\t<\/div>\n\t\t\t\t<\/div>\n\t\t\t\t\t<\/div>\n\t\t\t\t<\/div>\n\t\t\t\t<\/div>","protected":false},"excerpt":{"rendered":"<p>Herzlich Willkommen im Best Boarding 24 Sulzbach am Main Wir machen Ihren Aufenthalt so angenehm wie m\u00f6glich. Als eine Alternative zum Hotel bieten wir exklusive Appartements in modernem Wohnambiente f\u00fcr Kurz- und Langzeitg\u00e4ste an. Unsere Appartements sind jeweils mit einem Wohn-\/Schlafbereich, einer K\u00fcche und einem Bad ausgestattet. Buchen Sie Direkt Online !<\/p>","protected":false},"author":2,"featured_media":0,"parent":0,"menu_order":0,"comment_status":"closed","ping_status":"closed","template":"elementor_theme","meta":{"footnotes":""},"class_list":["post-13","page","type-page","status-publish","hentry"],"_links":{"self":[{"href":"https:\/\/bestboarding24.de\/en\/wp-json\/wp\/v2\/pages\/13","targetHints":{"allow":["GET"]}}],"collection":[{"href":"https:\/\/bestboarding24.de\/en\/wp-json\/wp\/v2\/pages"}],"about":[{"href":"https:\/\/bestboarding24.de\/en\/wp-json\/wp\/v2\/types\/page"}],"author":[{"embeddable":true,"href":"https:\/\/bestboarding24.de\/en\/wp-json\/wp\/v2\/users\/2"}],"replies":[{"embeddable":true,"href":"https:\/\/bestboarding24.de\/en\/wp-json\/wp\/v2\/comments?post=13"}],"version-history":[{"count":0,"href":"https:\/\/bestboarding24.de\/en\/wp-json\/wp\/v2\/pages\/13\/revisions"}],"wp:attachment":[{"href":"https:\/\/bestboarding24.de\/en\/wp-json\/wp\/v2\/media?parent=13"}],"curies":[{"name":"wp","href":"https:\/\/api.w.org\/{rel}","templated":true}]}}